{"id":12941,"date":"2024-08-09T14:15:55","date_gmt":"2024-08-09T14:15:55","guid":{"rendered":"https:\/\/eulennest.gaeste-mappe.at\/?page_id=12941"},"modified":"2024-08-14T17:35:54","modified_gmt":"2024-08-14T17:35:54","slug":"sauna-2","status":"publish","type":"page","link":"https:\/\/eulennest.gaeste-mappe.at\/en\/sauna-2\/","title":{"rendered":"Sauna"},"content":{"rendered":"<div data-elementor-type=\"wp-page\" data-elementor-id=\"12941\" class=\"elementor elementor-12941\" data-elementor-post-type=\"page\">\n\t\t\t\t\t\t<section class=\"elementor-section elementor-top-section elementor-element elementor-element-229ec341 elementor-section-boxed elementor-section-height-default elementor-section-height-default\" data-id=\"229ec341\" data-element_type=\"section\" data-e-type=\"section\" data-settings=\"{&quot;background_background&quot;:&quot;classic&quot;}\">\n\t\t\t\t\t\t<div class=\"elementor-container elementor-column-gap-default\">\n\t\t\t\t\t<div class=\"elementor-column elementor-col-100 elementor-top-column elementor-element elementor-element-7553f0b4 ueb\" data-id=\"7553f0b4\" data-element_type=\"column\" data-e-type=\"column\">\n\t\t\t<div class=\"elementor-widget-wrap elementor-element-populated\">\n\t\t\t\t\t\t<div class=\"elementor-element elementor-element-10903af5 elementor-icon-list--layout-traditional elementor-list-item-link-full_width elementor-widget elementor-widget-icon-list\" data-id=\"10903af5\" data-element_type=\"widget\" data-e-type=\"widget\" data-widget_type=\"icon-list.default\">\n\t\t\t\t<div class=\"elementor-widget-container\">\n\t\t\t\t\t\t\t<ul class=\"elementor-icon-list-items\">\n\t\t\t\t\t\t\t<li class=\"elementor-icon-list-item\">\n\t\t\t\t\t\t\t\t\t\t\t<span class=\"elementor-icon-list-icon\">\n\t\t\t\t\t\t\t<svg xmlns=\"http:\/\/www.w3.org\/2000\/svg\" xmlns:xlink=\"http:\/\/www.w3.org\/1999\/xlink\" id=\"Layer_1\" x=\"0px\" y=\"0px\" viewbox=\"0 0 512 512\" style=\"enable-background:new 0 0 512 512;\" xml:space=\"preserve\"><g>\t<g>\t\t<path d=\"M120.867,65.219c-32.706,0-59.313,26.608-59.313,59.313c0,32.705,26.608,59.313,59.313,59.313   s59.313-26.607,59.313-59.313C180.18,91.826,153.573,65.219,120.867,65.219z\"><\/path>\t<\/g><\/g><g>\t<g>\t\t<path d=\"M370.102,462.965L317,313.198H214.098l-47.12-111.839H90.08L31.442,360.844c-2.37,6.447-2.863,13.327-1.586,19.888H0v30   h154.44h9.032h90.454l50.01,83.415c6.821,11.376,18.995,17.849,31.577,17.849c4.975,0,10.016-1.012,14.812-3.133   C367.801,501.135,376.487,480.975,370.102,462.965z M105.545,380.732l17.863-28.638l15.156,28.638H105.545z\"><\/path>\t<\/g><\/g><g>\t<g>\t\t<path d=\"M359.706,112.663c0-19.012-7.689-29.445-13.304-37.063c-4.647-6.306-7.453-10.113-7.453-19.265   c0-9.153,2.806-12.959,7.454-19.267c5.613-7.618,13.303-18.051,13.303-37.064h-30c0,9.152-2.806,12.959-7.453,19.266   c-5.614,7.618-13.304,18.051-13.304,37.064c0,19.012,7.689,29.445,13.304,37.063c4.647,6.306,7.453,10.113,7.453,19.265   c0,9.155-2.806,12.962-7.454,19.27c-5.614,7.621-13.303,18.055-13.303,37.069c0,19.014,7.688,29.448,13.303,37.066   c4.648,6.308,7.454,10.116,7.454,19.27h30c0-19.014-7.688-29.448-13.303-37.067c-4.648-6.308-7.454-10.115-7.454-19.27   c0-9.155,2.806-12.961,7.454-19.27C352.017,142.111,359.706,131.677,359.706,112.663z\"><\/path>\t<\/g><\/g><g>\t<g>\t\t<path d=\"M435.853,112.662c0-19.012-7.689-29.445-13.304-37.063c-4.647-6.306-7.453-10.113-7.453-19.265   c0-9.153,2.806-12.959,7.454-19.267c5.613-7.615,13.303-18.048,13.303-37.061h-30c0,9.152-2.806,12.959-7.453,19.266   c-5.614,7.618-13.304,18.051-13.304,37.064c0,19.012,7.689,29.445,13.304,37.063c4.647,6.306,7.453,10.113,7.453,19.265   c0,9.155-2.806,12.962-7.454,19.27c-5.614,7.619-13.303,18.053-13.303,37.066s7.688,29.448,13.303,37.066   c4.648,6.308,7.454,10.116,7.454,19.27h30c0-19.014-7.688-29.448-13.303-37.067c-4.648-6.308-7.454-10.115-7.454-19.27   c0-9.155,2.806-12.961,7.454-19.27C428.164,142.11,435.853,131.676,435.853,112.662z\"><\/path>\t<\/g><\/g><g>\t<g>\t\t<path d=\"M512,112.665c0-19.012-7.689-29.445-13.304-37.063c-4.647-6.306-7.453-10.113-7.453-19.265   c0-9.153,2.806-12.959,7.453-19.267C504.311,29.452,512,19.019,512,0.006h-30c0,9.152-2.806,12.959-7.453,19.266   c-5.614,7.618-13.304,18.051-13.304,37.064c0,19.012,7.689,29.445,13.304,37.063c4.647,6.306,7.453,10.113,7.453,19.265   c0,9.155-2.806,12.962-7.454,19.27c-5.614,7.619-13.303,18.053-13.303,37.066s7.688,29.448,13.303,37.066   c4.648,6.308,7.454,10.116,7.454,19.27h30c0-19.014-7.688-29.448-13.303-37.067c-4.648-6.308-7.454-10.115-7.454-19.27   c0-9.155,2.806-12.961,7.454-19.27C504.312,142.113,512,131.679,512,112.665z\"><\/path>\t<\/g><\/g><g><\/g><g><\/g><g><\/g><g><\/g><g><\/g><g><\/g><g><\/g><g><\/g><g><\/g><g><\/g><g><\/g><g><\/g><g><\/g><g><\/g><g><\/g><\/svg>\t\t\t\t\t\t<\/span>\n\t\t\t\t\t\t\t\t\t\t<span class=\"elementor-icon-list-text\">Sauna<\/span>\n\t\t\t\t\t\t\t\t\t<\/li>\n\t\t\t\t\t\t<\/ul>\n\t\t\t\t\t\t<\/div>\n\t\t\t\t<\/div>\n\t\t\t\t\t<\/div>\n\t\t<\/div>\n\t\t\t\t\t<\/div>\n\t\t<\/section>\n\t\t<div class=\"elementor-element elementor-element-2b32c17 e-flex e-con-boxed e-con e-parent\" data-id=\"2b32c17\" data-element_type=\"container\" data-e-type=\"container\">\n\t\t\t\t\t<div class=\"e-con-inner\">\n\t\t\t\t<div class=\"elementor-element elementor-element-19c1fcf elementor-widget elementor-widget-gallery\" data-id=\"19c1fcf\" data-element_type=\"widget\" data-e-type=\"widget\" data-settings=\"{&quot;gallery_layout&quot;:&quot;justified&quot;,&quot;ideal_row_height_tablet&quot;:{&quot;unit&quot;:&quot;px&quot;,&quot;size&quot;:267,&quot;sizes&quot;:[]},&quot;ideal_row_height_mobile&quot;:{&quot;unit&quot;:&quot;px&quot;,&quot;size&quot;:152,&quot;sizes&quot;:[]},&quot;lazyload&quot;:&quot;yes&quot;,&quot;ideal_row_height&quot;:{&quot;unit&quot;:&quot;px&quot;,&quot;size&quot;:200,&quot;sizes&quot;:[]},&quot;gap&quot;:{&quot;unit&quot;:&quot;px&quot;,&quot;size&quot;:10,&quot;sizes&quot;:[]},&quot;gap_tablet&quot;:{&quot;unit&quot;:&quot;px&quot;,&quot;size&quot;:10,&quot;sizes&quot;:[]},&quot;gap_mobile&quot;:{&quot;unit&quot;:&quot;px&quot;,&quot;size&quot;:10,&quot;sizes&quot;:[]},&quot;link_to&quot;:&quot;file&quot;,&quot;overlay_background&quot;:&quot;yes&quot;,&quot;content_hover_animation&quot;:&quot;fade-in&quot;}\" data-widget_type=\"gallery.default\">\n\t\t\t\t<div class=\"elementor-widget-container\">\n\t\t\t\t\t\t\t<div class=\"elementor-gallery__container\">\n\t\t\t\t\t\t\t<a class=\"e-gallery-item elementor-gallery-item elementor-animated-content\" href=\"https:\/\/eulennest.gaeste-mappe.at\/wp-content\/uploads\/2024\/08\/sauna-web-11.jpg\" data-elementor-open-lightbox=\"yes\" data-elementor-lightbox-slideshow=\"19c1fcf\" data-elementor-lightbox-title=\"sauna-web-11\" data-e-action-hash=\"#elementor-action%3Aaction%3Dlightbox%26settings%3DeyJpZCI6MTI5NjEsInVybCI6Imh0dHBzOlwvXC9ldWxlbm5lc3QuZ2Flc3RlLW1hcHBlLmF0XC93cC1jb250ZW50XC91cGxvYWRzXC8yMDI0XC8wOFwvc2F1bmEtd2ViLTExLmpwZyIsInNsaWRlc2hvdyI6IjE5YzFmY2YifQ%3D%3D\">\n\t\t\t\t\t<div class=\"e-gallery-image elementor-gallery-item__image\" data-thumbnail=\"https:\/\/eulennest.gaeste-mappe.at\/wp-content\/uploads\/2024\/08\/sauna-web-11-300x225.jpg\" data-width=\"300\" data-height=\"225\" aria-label=\"\" role=\"img\" ><\/div>\n\t\t\t\t\t\t\t\t\t\t\t<div class=\"elementor-gallery-item__overlay\"><\/div>\n\t\t\t\t\t\t\t\t\t\t\t\t\t\t<\/a>\n\t\t\t\t\t\t\t<a class=\"e-gallery-item elementor-gallery-item elementor-animated-content\" href=\"https:\/\/eulennest.gaeste-mappe.at\/wp-content\/uploads\/2024\/08\/sauna-web-41.jpg\" data-elementor-open-lightbox=\"yes\" data-elementor-lightbox-slideshow=\"19c1fcf\" data-elementor-lightbox-title=\"sauna-web-41\" data-e-action-hash=\"#elementor-action%3Aaction%3Dlightbox%26settings%3DeyJpZCI6MTI5NjQsInVybCI6Imh0dHBzOlwvXC9ldWxlbm5lc3QuZ2Flc3RlLW1hcHBlLmF0XC93cC1jb250ZW50XC91cGxvYWRzXC8yMDI0XC8wOFwvc2F1bmEtd2ViLTQxLmpwZyIsInNsaWRlc2hvdyI6IjE5YzFmY2YifQ%3D%3D\">\n\t\t\t\t\t<div class=\"e-gallery-image elementor-gallery-item__image\" data-thumbnail=\"https:\/\/eulennest.gaeste-mappe.at\/wp-content\/uploads\/2024\/08\/sauna-web-41-300x225.jpg\" data-width=\"300\" data-height=\"225\" aria-label=\"\" role=\"img\" ><\/div>\n\t\t\t\t\t\t\t\t\t\t\t<div class=\"elementor-gallery-item__overlay\"><\/div>\n\t\t\t\t\t\t\t\t\t\t\t\t\t\t<\/a>\n\t\t\t\t\t\t\t<a class=\"e-gallery-item elementor-gallery-item elementor-animated-content\" href=\"https:\/\/eulennest.gaeste-mappe.at\/wp-content\/uploads\/2024\/08\/sauna-web-51.jpg\" data-elementor-open-lightbox=\"yes\" data-elementor-lightbox-slideshow=\"19c1fcf\" data-elementor-lightbox-title=\"sauna-web-51\" data-e-action-hash=\"#elementor-action%3Aaction%3Dlightbox%26settings%3DeyJpZCI6MTI5NjUsInVybCI6Imh0dHBzOlwvXC9ldWxlbm5lc3QuZ2Flc3RlLW1hcHBlLmF0XC93cC1jb250ZW50XC91cGxvYWRzXC8yMDI0XC8wOFwvc2F1bmEtd2ViLTUxLmpwZyIsInNsaWRlc2hvdyI6IjE5YzFmY2YifQ%3D%3D\">\n\t\t\t\t\t<div class=\"e-gallery-image elementor-gallery-item__image\" data-thumbnail=\"https:\/\/eulennest.gaeste-mappe.at\/wp-content\/uploads\/2024\/08\/sauna-web-51-225x300.jpg\" data-width=\"225\" data-height=\"300\" aria-label=\"\" role=\"img\" ><\/div>\n\t\t\t\t\t\t\t\t\t\t\t<div class=\"elementor-gallery-item__overlay\"><\/div>\n\t\t\t\t\t\t\t\t\t\t\t\t\t\t<\/a>\n\t\t\t\t\t\t\t<a class=\"e-gallery-item elementor-gallery-item elementor-animated-content\" href=\"https:\/\/eulennest.gaeste-mappe.at\/wp-content\/uploads\/2024\/08\/sauna-web-31.jpg\" data-elementor-open-lightbox=\"yes\" data-elementor-lightbox-slideshow=\"19c1fcf\" data-elementor-lightbox-title=\"sauna-web-31\" data-e-action-hash=\"#elementor-action%3Aaction%3Dlightbox%26settings%3DeyJpZCI6MTI5NjMsInVybCI6Imh0dHBzOlwvXC9ldWxlbm5lc3QuZ2Flc3RlLW1hcHBlLmF0XC93cC1jb250ZW50XC91cGxvYWRzXC8yMDI0XC8wOFwvc2F1bmEtd2ViLTMxLmpwZyIsInNsaWRlc2hvdyI6IjE5YzFmY2YifQ%3D%3D\">\n\t\t\t\t\t<div class=\"e-gallery-image elementor-gallery-item__image\" data-thumbnail=\"https:\/\/eulennest.gaeste-mappe.at\/wp-content\/uploads\/2024\/08\/sauna-web-31-300x300.jpg\" data-width=\"300\" data-height=\"300\" aria-label=\"\" role=\"img\" ><\/div>\n\t\t\t\t\t\t\t\t\t\t\t<div class=\"elementor-gallery-item__overlay\"><\/div>\n\t\t\t\t\t\t\t\t\t\t\t\t\t\t<\/a>\n\t\t\t\t\t\t\t<a class=\"e-gallery-item elementor-gallery-item elementor-animated-content\" href=\"https:\/\/eulennest.gaeste-mappe.at\/wp-content\/uploads\/2024\/08\/sauna-web-21.jpg\" data-elementor-open-lightbox=\"yes\" data-elementor-lightbox-slideshow=\"19c1fcf\" data-elementor-lightbox-title=\"sauna-web-21\" data-e-action-hash=\"#elementor-action%3Aaction%3Dlightbox%26settings%3DeyJpZCI6MTI5NjIsInVybCI6Imh0dHBzOlwvXC9ldWxlbm5lc3QuZ2Flc3RlLW1hcHBlLmF0XC93cC1jb250ZW50XC91cGxvYWRzXC8yMDI0XC8wOFwvc2F1bmEtd2ViLTIxLmpwZyIsInNsaWRlc2hvdyI6IjE5YzFmY2YifQ%3D%3D\">\n\t\t\t\t\t<div class=\"e-gallery-image elementor-gallery-item__image\" data-thumbnail=\"https:\/\/eulennest.gaeste-mappe.at\/wp-content\/uploads\/2024\/08\/sauna-web-21-225x300.jpg\" data-width=\"225\" data-height=\"300\" aria-label=\"\" role=\"img\" ><\/div>\n\t\t\t\t\t\t\t\t\t\t\t<div class=\"elementor-gallery-item__overlay\"><\/div>\n\t\t\t\t\t\t\t\t\t\t\t\t\t\t<\/a>\n\t\t\t\t\t<\/div>\n\t\t\t\t\t<\/div>\n\t\t\t\t<\/div>\n\t\t\t\t\t<\/div>\n\t\t\t\t<\/div>\n\t\t\t\t<section class=\"elementor-section elementor-top-section elementor-element elementor-element-6ad3cc1a elementor-section-boxed elementor-section-height-default elementor-section-height-default\" data-id=\"6ad3cc1a\" data-element_type=\"section\" data-e-type=\"section\">\n\t\t\t\t\t\t<div class=\"elementor-container elementor-column-gap-default\">\n\t\t\t\t\t<div class=\"elementor-column elementor-col-100 elementor-top-column elementor-element elementor-element-35a68542\" data-id=\"35a68542\" data-element_type=\"column\" data-e-type=\"column\">\n\t\t\t<div class=\"elementor-widget-wrap elementor-element-populated\">\n\t\t\t\t\t\t<div class=\"elementor-element elementor-element-2ff735a9 elementor-icon-list--layout-traditional elementor-list-item-link-full_width elementor-widget elementor-widget-icon-list\" data-id=\"2ff735a9\" data-element_type=\"widget\" data-e-type=\"widget\" data-widget_type=\"icon-list.default\">\n\t\t\t\t<div class=\"elementor-widget-container\">\n\t\t\t\t\t\t\t<ul class=\"elementor-icon-list-items\">\n\t\t\t\t\t\t\t<li class=\"elementor-icon-list-item\">\n\t\t\t\t\t\t\t\t\t\t\t<span class=\"elementor-icon-list-icon\">\n\t\t\t\t\t\t\t<i aria-hidden=\"true\" class=\"fas fa-euro-sign\"><\/i>\t\t\t\t\t\t<\/span>\n\t\t\t\t\t\t\t\t\t\t<span class=\"elementor-icon-list-text\">Our prices for using the sauna<\/span>\n\t\t\t\t\t\t\t\t\t<\/li>\n\t\t\t\t\t\t<\/ul>\n\t\t\t\t\t\t<\/div>\n\t\t\t\t<\/div>\n\t\t\t\t\t<\/div>\n\t\t<\/div>\n\t\t\t\t\t<\/div>\n\t\t<\/section>\n\t\t\t\t<section class=\"elementor-section elementor-top-section elementor-element elementor-element-3235cffc elementor-section-boxed elementor-section-height-default elementor-section-height-default\" data-id=\"3235cffc\" data-element_type=\"section\" data-e-type=\"section\">\n\t\t\t\t\t\t<div class=\"elementor-container elementor-column-gap-default\">\n\t\t\t\t\t<div class=\"elementor-column elementor-col-100 elementor-top-column elementor-element elementor-element-12814893\" data-id=\"12814893\" data-element_type=\"column\" data-e-type=\"column\">\n\t\t\t<div class=\"elementor-widget-wrap elementor-element-populated\">\n\t\t\t\t\t\t<div class=\"elementor-element elementor-element-22e9867f elementor-widget elementor-widget-text-editor\" data-id=\"22e9867f\" data-element_type=\"widget\" data-e-type=\"widget\" data-widget_type=\"text-editor.default\">\n\t\t\t\t<div class=\"elementor-widget-container\">\n\t\t\t\t\t\t\t\t\t<p>The use of the sauna is <strong>not<\/strong> included in the holiday home price. It will be billed separately after use of the tokens<\/p><p>Price list for sauna use<\/p><p>1 x token 12,00 \u20ac<\/p><p>1 x sauna towel rental fee 4,00 \u20ac<\/p>\t\t\t\t\t\t\t\t<\/div>\n\t\t\t\t<\/div>\n\t\t\t\t\t<\/div>\n\t\t<\/div>\n\t\t\t\t\t<\/div>\n\t\t<\/section>\n\t\t\t\t<section class=\"elementor-section elementor-top-section elementor-element elementor-element-7892e638 elementor-section-boxed elementor-section-height-default elementor-section-height-default\" data-id=\"7892e638\" data-element_type=\"section\" data-e-type=\"section\">\n\t\t\t\t\t\t<div class=\"elementor-container elementor-column-gap-default\">\n\t\t\t\t\t<div class=\"elementor-column elementor-col-100 elementor-top-column elementor-element elementor-element-5e9baa31\" data-id=\"5e9baa31\" data-element_type=\"column\" data-e-type=\"column\">\n\t\t\t<div class=\"elementor-widget-wrap elementor-element-populated\">\n\t\t\t\t\t\t<div class=\"elementor-element elementor-element-3b1d4f62 elementor-icon-list--layout-traditional elementor-list-item-link-full_width elementor-widget elementor-widget-icon-list\" data-id=\"3b1d4f62\" data-element_type=\"widget\" data-e-type=\"widget\" data-widget_type=\"icon-list.default\">\n\t\t\t\t<div class=\"elementor-widget-container\">\n\t\t\t\t\t\t\t<ul class=\"elementor-icon-list-items\">\n\t\t\t\t\t\t\t<li class=\"elementor-icon-list-item\">\n\t\t\t\t\t\t\t\t\t\t\t<span class=\"elementor-icon-list-icon\">\n\t\t\t\t\t\t\t<i aria-hidden=\"true\" class=\"far fa-list-alt\"><\/i>\t\t\t\t\t\t<\/span>\n\t\t\t\t\t\t\t\t\t\t<span class=\"elementor-icon-list-text\">The sauna operating instructions<\/span>\n\t\t\t\t\t\t\t\t\t<\/li>\n\t\t\t\t\t\t<\/ul>\n\t\t\t\t\t\t<\/div>\n\t\t\t\t<\/div>\n\t\t\t\t\t<\/div>\n\t\t<\/div>\n\t\t\t\t\t<\/div>\n\t\t<\/section>\n\t\t\t\t<section class=\"elementor-section elementor-top-section elementor-element elementor-element-26f3edbe elementor-section-boxed elementor-section-height-default elementor-section-height-default\" data-id=\"26f3edbe\" data-element_type=\"section\" data-e-type=\"section\">\n\t\t\t\t\t\t<div class=\"elementor-container elementor-column-gap-default\">\n\t\t\t\t\t<div class=\"elementor-column elementor-col-100 elementor-top-column elementor-element elementor-element-473ca8a9\" data-id=\"473ca8a9\" data-element_type=\"column\" data-e-type=\"column\">\n\t\t\t<div class=\"elementor-widget-wrap elementor-element-populated\">\n\t\t\t\t\t\t<div class=\"elementor-element elementor-element-379a6464 elementor-widget elementor-widget-text-editor\" data-id=\"379a6464\" data-element_type=\"widget\" data-e-type=\"widget\" data-widget_type=\"text-editor.default\">\n\t\t\t\t<div class=\"elementor-widget-container\">\n\t\t\t\t\t\t\t\t\t<p><strong>Step 1<\/strong><\/p><ul><li>Coin slot<\/li><li>2 coins for 2 hours including 45 min. warm-up phase<\/li><li>For each additional hour an additional coin<\/li><\/ul><p><strong>Step 2<\/strong><\/p><ul><li>Close the sauna door. The display shows 70 degrees C\u00b0 (desired temperature at the top right). The temperature can be changed by turning the round black control. Our recommended comfortable temperature is 70 degrees C\u00b0.<\/li><li>To start the heating process, briefly press the black control knob once (you will hear a &quot;click&quot;). The current indoor temperature is displayed in the middle. 3 waves appear above the indoor temperature display, the sauna is heating up.<\/li><\/ul><p><strong>Step 3<\/strong><\/p><ul><li>A quick double click on the black control knob turns the lighting on (sun symbol appears at bottom right). To start the lighting effect, press the power button once at the bottom right of the remote control. You can then set other colors or lighting effects using the remote control.<\/li><li>+\/- controls the brightness. Select the desired color by tapping the color ring or set automatic color change using the Random button at the bottom left of the remote control. (Please leave the remote control in the holder!)<\/li><\/ul><p><strong>Step 4<\/strong><\/p><p>After about 45 minutes, the sauna has reached the desired temperature and you can start using the sauna. You will find a guide to using the sauna next to the coin machine.<\/p><p>Within the first two hours, 3 sauna sessions are quite possible.<\/p><p><span style=\"color: #ff0000;\"><strong>Use the sauna at your own risk!<\/strong><\/span><\/p>\t\t\t\t\t\t\t\t<\/div>\n\t\t\t\t<\/div>\n\t\t\t\t\t<\/div>\n\t\t<\/div>\n\t\t\t\t\t<\/div>\n\t\t<\/section>\n\t\t\t\t<\/div>","protected":false},"excerpt":{"rendered":"<p>Sauna Unsere Preise zur Nutzung der Sauna Die Saunabenutzung ist nicht im Ferienhauspreis inkludiert. Sie wird nach Benutzung der Wertmarken im Nachhinein gesondert abgerechnet Preisliste-Saunabenutzung 1 x Wertm\u00fcnze\u00a0 \u00a012,00 \u20ac 1 x Saunahandtuch Leihgeb\u00fchr\u00a0 \u00a04,00 \u20ac Die Bedienungsanleitung zur Sauna Schritt 1 M\u00fcnzeinwurf 2 M\u00fcnzen f\u00fcr 2 Stunden inkl. 45 Min. Aufheizphase F\u00fcr jede weitere [&hellip;]<\/p>\n","protected":false},"author":2,"featured_media":0,"parent":0,"menu_order":0,"comment_status":"closed","ping_status":"closed","template":"","meta":{"site-sidebar-layout":"no-sidebar","site-content-layout":"page-builder","ast-site-content-layout":"full-width-container","site-content-style":"default","site-sidebar-style":"default","ast-global-header-display":"","ast-banner-title-visibility":"","ast-main-header-display":"","ast-hfb-above-header-display":"","ast-hfb-below-header-display":"","ast-hfb-mobile-header-display":"","site-post-title":"disabled","ast-breadcrumbs-content":"","ast-featured-img":"disabled","footer-sml-layout":"","ast-disable-related-posts":"","theme-transparent-header-meta":"","adv-header-id-meta":"","stick-header-meta":"","header-above-stick-meta":"","header-main-stick-meta":"","header-below-stick-meta":"","astra-migrate-meta-layouts":"set","ast-page-background-enabled":"default","ast-page-background-meta":{"desktop":{"background-color":"var(--ast-global-color-4)","background-image":"","background-repeat":"repeat","background-position":"center center","background-size":"auto","background-attachment":"scroll","background-type":"","background-media":"","overlay-type":"","overlay-color":"","overlay-opacity":"","overlay-gradient":""},"tablet":{"background-color":"","background-image":"","background-repeat":"repeat","background-position":"center center","background-size":"auto","background-attachment":"scroll","background-type":"","background-media":"","overlay-type":"","overlay-color":"","overlay-opacity":"","overlay-gradient":""},"mobile":{"background-color":"","background-image":"","background-repeat":"repeat","background-position":"center center","background-size":"auto","background-attachment":"scroll","background-type":"","background-media":"","overlay-type":"","overlay-color":"","overlay-opacity":"","overlay-gradient":""}},"ast-content-background-meta":{"desktop":{"background-color":"var(--ast-global-color-5)","background-image":"","background-repeat":"repeat","background-position":"center center","background-size":"auto","background-attachment":"scroll","background-type":"","background-media":"","overlay-type":"","overlay-color":"","overlay-opacity":"","overlay-gradient":""},"tablet":{"background-color":"var(--ast-global-color-5)","background-image":"","background-repeat":"repeat","background-position":"center center","background-size":"auto","background-attachment":"scroll","background-type":"","background-media":"","overlay-type":"","overlay-color":"","overlay-opacity":"","overlay-gradient":""},"mobile":{"background-color":"var(--ast-global-color-5)","background-image":"","background-repeat":"repeat","background-position":"center center","background-size":"auto","background-attachment":"scroll","background-type":"","background-media":"","overlay-type":"","overlay-color":"","overlay-opacity":"","overlay-gradient":""}},"_glsr_average":0,"_glsr_ranking":0,"_glsr_reviews":0,"footnotes":""},"class_list":["post-12941","page","type-page","status-publish","hentry"],"_links":{"self":[{"href":"https:\/\/eulennest.gaeste-mappe.at\/en\/wp-json\/wp\/v2\/pages\/12941","targetHints":{"allow":["GET"]}}],"collection":[{"href":"https:\/\/eulennest.gaeste-mappe.at\/en\/wp-json\/wp\/v2\/pages"}],"about":[{"href":"https:\/\/eulennest.gaeste-mappe.at\/en\/wp-json\/wp\/v2\/types\/page"}],"author":[{"embeddable":true,"href":"https:\/\/eulennest.gaeste-mappe.at\/en\/wp-json\/wp\/v2\/users\/2"}],"replies":[{"embeddable":true,"href":"https:\/\/eulennest.gaeste-mappe.at\/en\/wp-json\/wp\/v2\/comments?post=12941"}],"version-history":[{"count":22,"href":"https:\/\/eulennest.gaeste-mappe.at\/en\/wp-json\/wp\/v2\/pages\/12941\/revisions"}],"predecessor-version":[{"id":13113,"href":"https:\/\/eulennest.gaeste-mappe.at\/en\/wp-json\/wp\/v2\/pages\/12941\/revisions\/13113"}],"wp:attachment":[{"href":"https:\/\/eulennest.gaeste-mappe.at\/en\/wp-json\/wp\/v2\/media?parent=12941"}],"curies":[{"name":"wp","href":"https:\/\/api.w.org\/{rel}","templated":true}]}}