{"id":351,"date":"2021-11-02T12:01:04","date_gmt":"2021-11-02T12:01:04","guid":{"rendered":"https:\/\/demo.zorentino.com\/?page_id=351"},"modified":"2024-08-07T14:07:32","modified_gmt":"2024-08-07T14:07:32","slug":"millstaetter-see","status":"publish","type":"page","link":"https:\/\/eulennest.gaeste-mappe.at\/en\/millstaetter-see\/","title":{"rendered":"Lake Millstatt"},"content":{"rendered":"<div data-elementor-type=\"wp-page\" data-elementor-id=\"351\" class=\"elementor elementor-351\" data-elementor-post-type=\"page\">\n\t\t\t\t\t\t<section class=\"elementor-section elementor-top-section elementor-element elementor-element-125cb445 elementor-section-boxed elementor-section-height-default elementor-section-height-default\" data-id=\"125cb445\" data-element_type=\"section\" data-e-type=\"section\" data-settings=\"{&quot;background_background&quot;:&quot;classic&quot;}\">\n\t\t\t\t\t\t<div class=\"elementor-container elementor-column-gap-default\">\n\t\t\t\t\t<div class=\"elementor-column elementor-col-100 elementor-top-column elementor-element elementor-element-4c9574ad ueb\" data-id=\"4c9574ad\" data-element_type=\"column\" data-e-type=\"column\">\n\t\t\t<div class=\"elementor-widget-wrap elementor-element-populated\">\n\t\t\t\t\t\t<div class=\"elementor-element elementor-element-2e433648 elementor-icon-list--layout-traditional elementor-list-item-link-full_width elementor-widget elementor-widget-icon-list\" data-id=\"2e433648\" data-element_type=\"widget\" data-e-type=\"widget\" data-widget_type=\"icon-list.default\">\n\t\t\t\t<div class=\"elementor-widget-container\">\n\t\t\t\t\t\t\t<ul class=\"elementor-icon-list-items\">\n\t\t\t\t\t\t\t<li class=\"elementor-icon-list-item\">\n\t\t\t\t\t\t\t\t\t\t\t<span class=\"elementor-icon-list-icon\">\n\t\t\t\t\t\t\t<svg xmlns=\"http:\/\/www.w3.org\/2000\/svg\" clip-rule=\"evenodd\" fill-rule=\"evenodd\" height=\"512\" stroke-linejoin=\"round\" stroke-miterlimit=\"2\" viewbox=\"0 0 100 101\" width=\"512\"><path d=\"m23.128 78.016c-.029.387.104.769.367 1.054.264.284.635.446 1.023.446h5.882c.417 0 .811-.186 1.076-.508s.372-.745.292-1.154c-1.521-7.759-5.651-13.924-12.341-18.524-.569-.39-1.337-.307-1.808.196-.471.504-.503 1.276-.076 1.817 3.612 4.571 6.115 9.772 5.585 16.673zm9.966-8.679c1.125 2.411 1.958 5 2.501 7.767.159.81.124 1.635-.088 2.412h1.775c.388 0 .759-.162 1.022-.446.264-.285.397-.667.368-1.054-.53-6.901 1.973-12.102 5.585-16.673.427-.541.395-1.313-.076-1.817-.471-.503-1.24-.586-1.808-.196-4.023 2.766-7.117 6.102-9.279 10.007zm-2.185-3.92c2.338-3.557 5.418-6.662 9.255-9.3 2.157-1.484 5.075-1.167 6.864.744 1.789 1.912 1.912 4.845.289 6.899-2.442 3.09-4.326 6.508-4.733 10.748 2.513.17 5.093.26 7.724.26 13.311 0 25.343-2.29 33.971-5.907 6.409-2.687 11.021-6.2 13.345-9.955.001-.001.001-.002.002-.003.179-.289.352-.652.558-1.041.025-.048.049-.096.072-.144 1.1-2.309.938-5.018-.426-7.18 0-.001-.001-.001-.001-.002-1.366-2.161-3.743-3.47-6.299-3.47h-29.494c-1.314 0-2.536-.675-3.236-1.786-.699-1.113-.779-2.507-.211-3.692.144-.3.286-.595.425-.884 1.12-2.334.973-5.084-.392-7.292s-3.762-3.567-6.355-3.608c-.65-.01-1.303-.016-1.959-.016-15.819 0-29.832 3.251-38.528 8.109-7.044 3.934-10.76 9.132-10.76 14.381 0 6.047 5.118 12.09 14.434 16.203.705.312 1.464.399 2.188.284-.831-1.794-1.924-3.441-3.159-5.005-1.623-2.054-1.5-4.987.289-6.898 1.789-1.912 4.706-2.229 6.864-.746 3.842 2.642 6.934 5.742 9.273 9.301zm26.09-2.234s1.912-1.001 3.705-1.94c1.357-.71 2.976-.71 4.333 0 .753.394 1.559.816 2.311 1.21 2.496 1.306 5.473 1.306 7.969 0 1.793-.938 3.705-1.939 3.705-1.939.959-.502 1.33-1.687.828-2.646-.502-.958-1.687-1.329-2.646-.827 0 0-1.911 1.001-3.705 1.939-1.357.71-2.976.71-4.333 0-.753-.394-1.558-.816-2.311-1.21-2.496-1.306-5.473-1.306-7.969 0-1.793.939-3.705 1.94-3.705 1.94-.958.501-1.329 1.687-.828 2.645.502.959 1.687 1.329 2.646.828zm-33.495-12.119s1.912-1.001 3.705-1.939c1.357-.711 2.976-.711 4.333 0 .753.394 1.558.815 2.311 1.209 2.496 1.307 5.473 1.307 7.969 0 1.793-.938 3.705-1.939 3.705-1.939.959-.502 1.329-1.687.828-2.646-.502-.958-1.687-1.329-2.646-.827 0 0-1.912 1.001-3.705 1.939-1.357.711-2.976.711-4.333 0-.753-.394-1.558-.815-2.311-1.209-2.496-1.307-5.473-1.307-7.969 0-1.793.938-3.705 1.939-3.705 1.939-.959.502-1.329 1.687-.828 2.645.502.959 1.687 1.33 2.646.828zm0-7.907s1.912-1.001 3.705-1.939c1.357-.711 2.976-.711 4.333 0 .753.394 1.558.815 2.311 1.209 2.496 1.307 5.473 1.307 7.969 0 1.793-.938 3.705-1.939 3.705-1.939.959-.502 1.329-1.687.828-2.645-.502-.959-1.687-1.33-2.646-.828 0 0-1.912 1.001-3.705 1.939-1.357.711-2.976.711-4.333 0-.753-.394-1.558-.815-2.311-1.209-2.496-1.307-5.473-1.307-7.969 0-1.793.938-3.705 1.939-3.705 1.939-.959.502-1.329 1.687-.828 2.645.502.959 1.687 1.33 2.646.828zm56.637-1.241c.388 0 .759-.162 1.022-.446.264-.285.397-.667.368-1.054-.529-6.901 1.973-12.103 5.585-16.674.427-.541.395-1.313-.076-1.817-.472-.503-1.24-.586-1.808-.196-6.689 4.601-10.819 10.765-12.341 18.525-.08.409.027.832.292 1.154s.659.508 1.076.508zm-10.989 0c-.212-.777-.247-1.602-.088-2.412.543-2.767 1.377-5.356 2.501-7.767-2.161-3.905-5.256-7.241-9.279-10.008-.568-.39-1.337-.307-1.808.196-.471.504-.503 1.276-.076 1.817 3.613 4.571 6.115 9.773 5.586 16.674-.029.387.104.769.368 1.054.263.284.634.446 1.022.446z\"><\/path><\/svg>\t\t\t\t\t\t<\/span>\n\t\t\t\t\t\t\t\t\t\t<span class=\"elementor-icon-list-text\">Lake Millstatt<\/span>\n\t\t\t\t\t\t\t\t\t<\/li>\n\t\t\t\t\t\t<\/ul>\n\t\t\t\t\t\t<\/div>\n\t\t\t\t<\/div>\n\t\t\t\t\t<\/div>\n\t\t<\/div>\n\t\t\t\t\t<\/div>\n\t\t<\/section>\n\t\t<div class=\"elementor-element elementor-element-5aac1329 e-flex e-con-boxed e-con e-parent\" data-id=\"5aac1329\" data-element_type=\"container\" data-e-type=\"container\">\n\t\t\t\t\t<div class=\"e-con-inner\">\n\t\t<div class=\"elementor-element elementor-element-4acdb4ac e-con-full e-flex e-con e-child\" data-id=\"4acdb4ac\" data-element_type=\"container\" data-e-type=\"container\">\n\t\t\t\t<div class=\"elementor-element elementor-element-4b68eae1 elementor-widget elementor-widget-image\" data-id=\"4b68eae1\" data-element_type=\"widget\" data-e-type=\"widget\" data-widget_type=\"image.default\">\n\t\t\t\t<div class=\"elementor-widget-container\">\n\t\t\t\t\t\t\t\t\t\t\t\t\t\t\t<img fetchpriority=\"high\" decoding=\"async\" width=\"600\" height=\"400\" src=\"https:\/\/eulennest.gaeste-mappe.at\/wp-content\/uploads\/2024\/08\/millst-1.jpg\" class=\"attachment-large size-large wp-image-12811\" alt=\"\" srcset=\"https:\/\/eulennest.gaeste-mappe.at\/wp-content\/uploads\/2024\/08\/millst-1.jpg 600w, https:\/\/eulennest.gaeste-mappe.at\/wp-content\/uploads\/2024\/08\/millst-1-300x200.jpg 300w, https:\/\/eulennest.gaeste-mappe.at\/wp-content\/uploads\/2024\/08\/millst-1-18x12.jpg 18w\" sizes=\"(max-width: 600px) 100vw, 600px\" \/>\t\t\t\t\t\t\t\t\t\t\t\t\t\t\t<\/div>\n\t\t\t\t<\/div>\n\t\t\t\t<\/div>\n\t\t<div class=\"elementor-element elementor-element-26914b82 e-con-full e-flex e-con e-child\" data-id=\"26914b82\" data-element_type=\"container\" data-e-type=\"container\">\n\t\t\t\t<div class=\"elementor-element elementor-element-61843085 elementor-widget elementor-widget-image\" data-id=\"61843085\" data-element_type=\"widget\" data-e-type=\"widget\" data-widget_type=\"image.default\">\n\t\t\t\t<div class=\"elementor-widget-container\">\n\t\t\t\t\t\t\t\t\t\t\t\t\t\t\t<img decoding=\"async\" width=\"600\" height=\"400\" src=\"https:\/\/eulennest.gaeste-mappe.at\/wp-content\/uploads\/2024\/08\/millst-2.jpg\" class=\"attachment-large size-large wp-image-12812\" alt=\"\" srcset=\"https:\/\/eulennest.gaeste-mappe.at\/wp-content\/uploads\/2024\/08\/millst-2.jpg 600w, https:\/\/eulennest.gaeste-mappe.at\/wp-content\/uploads\/2024\/08\/millst-2-300x200.jpg 300w, https:\/\/eulennest.gaeste-mappe.at\/wp-content\/uploads\/2024\/08\/millst-2-18x12.jpg 18w\" sizes=\"(max-width: 600px) 100vw, 600px\" \/>\t\t\t\t\t\t\t\t\t\t\t\t\t\t\t<\/div>\n\t\t\t\t<\/div>\n\t\t\t\t<\/div>\n\t\t<div class=\"elementor-element elementor-element-c8bf2cf e-con-full e-flex e-con e-child\" data-id=\"c8bf2cf\" data-element_type=\"container\" data-e-type=\"container\">\n\t\t\t\t<div class=\"elementor-element elementor-element-59dc2ef1 elementor-widget elementor-widget-image\" data-id=\"59dc2ef1\" data-element_type=\"widget\" data-e-type=\"widget\" data-widget_type=\"image.default\">\n\t\t\t\t<div class=\"elementor-widget-container\">\n\t\t\t\t\t\t\t\t\t\t\t\t\t\t\t<img decoding=\"async\" width=\"600\" height=\"400\" src=\"https:\/\/eulennest.gaeste-mappe.at\/wp-content\/uploads\/2024\/08\/schiffahrt.jpg\" class=\"attachment-large size-large wp-image-12737\" alt=\"\" srcset=\"https:\/\/eulennest.gaeste-mappe.at\/wp-content\/uploads\/2024\/08\/schiffahrt.jpg 600w, https:\/\/eulennest.gaeste-mappe.at\/wp-content\/uploads\/2024\/08\/schiffahrt-300x200.jpg 300w, https:\/\/eulennest.gaeste-mappe.at\/wp-content\/uploads\/2024\/08\/schiffahrt-18x12.jpg 18w\" sizes=\"(max-width: 600px) 100vw, 600px\" \/>\t\t\t\t\t\t\t\t\t\t\t\t\t\t\t<\/div>\n\t\t\t\t<\/div>\n\t\t\t\t<\/div>\n\t\t\t\t\t<\/div>\n\t\t\t\t<\/div>\n\t\t\t\t<section class=\"elementor-section elementor-top-section elementor-element elementor-element-3cf5a85e elementor-section-boxed elementor-section-height-default elementor-section-height-default\" data-id=\"3cf5a85e\" data-element_type=\"section\" data-e-type=\"section\">\n\t\t\t\t\t\t<div class=\"elementor-container elementor-column-gap-default\">\n\t\t\t\t\t<div class=\"elementor-column elementor-col-100 elementor-top-column elementor-element elementor-element-25dd88af\" data-id=\"25dd88af\" data-element_type=\"column\" data-e-type=\"column\">\n\t\t\t<div class=\"elementor-widget-wrap elementor-element-populated\">\n\t\t\t\t\t\t<div class=\"elementor-element elementor-element-2514b7da elementor-widget elementor-widget-text-editor\" data-id=\"2514b7da\" data-element_type=\"widget\" data-e-type=\"widget\" data-widget_type=\"text-editor.default\">\n\t\t\t\t<div class=\"elementor-widget-container\">\n\t\t\t\t\t\t\t\t\t<p>Lake Millstatt is an idyllic lake in Carinthia, Austria, known for its crystal-clear waters and picturesque landscapes. As the second largest lake in Carinthia, it offers a wide range of opportunities for recreation and leisure activities.<\/p><p><strong>Geographical location and origin<\/strong><br \/>Lake Millstatt is located in central Carinthia, surrounded by the Nock Mountains in the north and the Gailtal Alps in the south. It stretches over a length of about 12 kilometers and a width of up to 1.8 kilometers. The lake was formed by glacier movements in the last ice age and reaches a maximum depth of around 141 meters.<\/p><p><strong>Water quality and climate<\/strong><br \/>With drinking water quality, Lake Millstatt is a prime example of clean water. The water quality is regularly checked, ensuring that the lake maintains its purity. The climate around the lake is mild, with warm summers and moderate winters, making the lake a year-round destination.<\/p><p><strong>Leisure and activities<\/strong><br \/>Lake Millstatt is a paradise for water sports enthusiasts. Activities such as swimming, sailing, surfing and diving are very popular here. There are several well-equipped bathing areas and lidos along the lake. In addition, hiking and cycling trails around the lake, such as the Millstatter See H\u00f6hensteig, offer impressive views and varied routes for outdoor enthusiasts. You can find more information about this further down this page.<\/p><p><strong>Nature conservation and environment<\/strong><br \/>Lake Millstatt and its surroundings are important nature reserves. The untouched shores and surrounding forests provide a habitat for numerous plant and animal species. Various protective measures and environmental projects preserve the natural beauty and biological diversity of the region.<\/p><p><strong>Events and experiences<\/strong><br \/>Throughout the year, numerous events take place at Lake Millstatt <span style=\"text-decoration: underline;\"><a href=\"https:\/\/eulennest.gaeste-mappe.at\/en\/veranstaltungen\/\">Events<\/a><\/span> take place that attract visitors. These include concerts, sporting events and folk festivals. Particularly worth mentioning are the Millst\u00e4tter Seefest and the star hike, during which participants hike to the most beautiful viewpoints around the lake.<\/p><p><strong>Conclusion<\/strong><br \/>Lake Millstatt is a jewel in Carinthia that impresses with its natural beauty, excellent water quality and diverse leisure opportunities. Whether for a relaxing beach holiday or active recreation in nature - Lake Millstatt has something for everyone and is a perfect travel destination in Austria.<\/p>\t\t\t\t\t\t\t\t<\/div>\n\t\t\t\t<\/div>\n\t\t\t\t\t<\/div>\n\t\t<\/div>\n\t\t\t\t\t<\/div>\n\t\t<\/section>\n\t\t\t\t<section class=\"elementor-section elementor-top-section elementor-element elementor-element-6cf04cea elementor-section-boxed elementor-section-height-default elementor-section-height-default\" data-id=\"6cf04cea\" data-element_type=\"section\" data-e-type=\"section\">\n\t\t\t\t\t\t<div class=\"elementor-container elementor-column-gap-default\">\n\t\t\t\t\t<div class=\"elementor-column elementor-col-100 elementor-top-column elementor-element elementor-element-1fb138fb\" data-id=\"1fb138fb\" data-element_type=\"column\" data-e-type=\"column\">\n\t\t\t<div class=\"elementor-widget-wrap elementor-element-populated\">\n\t\t\t\t\t\t<div class=\"elementor-element elementor-element-7454b5d6 elementor-icon-list--layout-traditional elementor-list-item-link-full_width elementor-widget elementor-widget-icon-list\" data-id=\"7454b5d6\" data-element_type=\"widget\" data-e-type=\"widget\" data-widget_type=\"icon-list.default\">\n\t\t\t\t<div class=\"elementor-widget-container\">\n\t\t\t\t\t\t\t<ul class=\"elementor-icon-list-items\">\n\t\t\t\t\t\t\t<li class=\"elementor-icon-list-item\">\n\t\t\t\t\t\t\t\t\t\t<span class=\"elementor-icon-list-text\">More information about activities around the lake<\/span>\n\t\t\t\t\t\t\t\t\t<\/li>\n\t\t\t\t\t\t<\/ul>\n\t\t\t\t\t\t<\/div>\n\t\t\t\t<\/div>\n\t\t\t\t\t<\/div>\n\t\t<\/div>\n\t\t\t\t\t<\/div>\n\t\t<\/section>\n\t\t\t\t<section class=\"elementor-section elementor-top-section elementor-element elementor-element-7863b2a3 elementor-section-boxed elementor-section-height-default elementor-section-height-default\" data-id=\"7863b2a3\" data-element_type=\"section\" data-e-type=\"section\">\n\t\t\t\t\t\t<div class=\"elementor-container elementor-column-gap-default\">\n\t\t\t\t\t<div class=\"elementor-column elementor-col-100 elementor-top-column elementor-element elementor-element-3cdd57d7\" data-id=\"3cdd57d7\" data-element_type=\"column\" data-e-type=\"column\">\n\t\t\t<div class=\"elementor-widget-wrap elementor-element-populated\">\n\t\t\t\t\t\t<div class=\"elementor-element elementor-element-ad2e8e6 elementor-widget elementor-widget-text-editor\" data-id=\"ad2e8e6\" data-element_type=\"widget\" data-e-type=\"widget\" data-widget_type=\"text-editor.default\">\n\t\t\t\t<div class=\"elementor-widget-container\">\n\t\t\t\t\t\t\t\t\t<p>On the website seeundberg.at you will find a wealth of information about activities around the lake. Whether it is cycling routes, hiking, wellness or water sports. You will find all of these activities on the website <a href=\"https:\/\/www.seeundberg.at\/urlaub-am-see\/millstaetter-see\/\" target=\"_blank\" rel=\"noopener\"><span style=\"text-decoration: underline;\">seeundberg.at<\/span><\/a> detailed information.<\/p>\t\t\t\t\t\t\t\t<\/div>\n\t\t\t\t<\/div>\n\t\t\t\t\t<\/div>\n\t\t<\/div>\n\t\t\t\t\t<\/div>\n\t\t<\/section>\n\t\t\t\t<section class=\"elementor-section elementor-top-section elementor-element elementor-element-1db2fe98 elementor-section-boxed elementor-section-height-default elementor-section-height-default\" data-id=\"1db2fe98\" data-element_type=\"section\" data-e-type=\"section\">\n\t\t\t\t\t\t<div class=\"elementor-container elementor-column-gap-default\">\n\t\t\t\t\t<div class=\"elementor-column elementor-col-100 elementor-top-column elementor-element elementor-element-36293d13\" data-id=\"36293d13\" data-element_type=\"column\" data-e-type=\"column\">\n\t\t\t<div class=\"elementor-widget-wrap elementor-element-populated\">\n\t\t\t\t\t\t<div class=\"elementor-element elementor-element-cd86192 elementor-widget elementor-widget-image\" data-id=\"cd86192\" data-element_type=\"widget\" data-e-type=\"widget\" data-widget_type=\"image.default\">\n\t\t\t\t<div class=\"elementor-widget-container\">\n\t\t\t\t\t\t\t\t\t\t\t\t<figure class=\"wp-caption\">\n\t\t\t\t\t\t\t\t\t\t\t<a href=\"https:\/\/www.seeundberg.at\/urlaub-am-see\/millstaetter-see\/\" target=\"_blank\" rel=\"noopener\">\n\t\t\t\t\t\t\t<img loading=\"lazy\" decoding=\"async\" width=\"1200\" height=\"427\" src=\"https:\/\/eulennest.gaeste-mappe.at\/wp-content\/uploads\/2024\/08\/seeundberg-2.jpg\" class=\"attachment-full size-full wp-image-12738\" alt=\"\" srcset=\"https:\/\/eulennest.gaeste-mappe.at\/wp-content\/uploads\/2024\/08\/seeundberg-2.jpg 1200w, https:\/\/eulennest.gaeste-mappe.at\/wp-content\/uploads\/2024\/08\/seeundberg-2-300x107.jpg 300w, https:\/\/eulennest.gaeste-mappe.at\/wp-content\/uploads\/2024\/08\/seeundberg-2-1024x364.jpg 1024w, https:\/\/eulennest.gaeste-mappe.at\/wp-content\/uploads\/2024\/08\/seeundberg-2-768x273.jpg 768w, https:\/\/eulennest.gaeste-mappe.at\/wp-content\/uploads\/2024\/08\/seeundberg-2-18x6.jpg 18w\" sizes=\"(max-width: 1200px) 100vw, 1200px\" \/>\t\t\t\t\t\t\t\t<\/a>\n\t\t\t\t\t\t\t\t\t\t\t<figcaption class=\"widget-image-caption wp-caption-text\">Further information on seeundberg.at - just click on the picture<\/figcaption>\n\t\t\t\t\t\t\t\t\t\t<\/figure>\n\t\t\t\t\t\t\t\t\t<\/div>\n\t\t\t\t<\/div>\n\t\t\t\t\t<\/div>\n\t\t<\/div>\n\t\t\t\t\t<\/div>\n\t\t<\/section>\n\t\t\t\t<\/div>","protected":false},"excerpt":{"rendered":"<p>Millst\u00e4tter See Der Millst\u00e4tter See ist ein idyllischer See in K\u00e4rnten, \u00d6sterreich, bekannt f\u00fcr seine kristallklaren Gew\u00e4sser und malerischen Landschaften. Als zweitgr\u00f6\u00dfter See K\u00e4rntens bietet er vielf\u00e4ltige M\u00f6glichkeiten zur Erholung und Freizeitgestaltung. Geographische Lage und EntstehungDer Millst\u00e4tter See liegt im zentralen K\u00e4rnten, umgeben von den Nockbergen im Norden und den Gailtaler Alpen im S\u00fcden. Er [&hellip;]<\/p>\n","protected":false},"author":2,"featured_media":0,"parent":0,"menu_order":0,"comment_status":"closed","ping_status":"closed","template":"","meta":{"site-sidebar-layout":"no-sidebar","site-content-layout":"page-builder","ast-site-content-layout":"default","site-content-style":"default","site-sidebar-style":"default","ast-global-header-display":"","ast-banner-title-visibility":"","ast-main-header-display":"","ast-hfb-above-header-display":"","ast-hfb-below-header-display":"","ast-hfb-mobile-header-display":"","site-post-title":"disabled","ast-breadcrumbs-content":"","ast-featured-img":"disabled","footer-sml-layout":"","ast-disable-related-posts":"","theme-transparent-header-meta":"","adv-header-id-meta":"","stick-header-meta":"","header-above-stick-meta":"","header-main-stick-meta":"","header-below-stick-meta":"","astra-migrate-meta-layouts":"default","ast-page-background-enabled":"default","ast-page-background-meta":{"desktop":{"background-color":"var(--ast-global-color-4)","background-image":"","background-repeat":"repeat","background-position":"center center","background-size":"auto","background-attachment":"scroll","background-type":"","background-media":"","overlay-type":"","overlay-color":"","overlay-opacity":"","overlay-gradient":""},"tablet":{"background-color":"","background-image":"","background-repeat":"repeat","background-position":"center center","background-size":"auto","background-attachment":"scroll","background-type":"","background-media":"","overlay-type":"","overlay-color":"","overlay-opacity":"","overlay-gradient":""},"mobile":{"background-color":"","background-image":"","background-repeat":"repeat","background-position":"center center","background-size":"auto","background-attachment":"scroll","background-type":"","background-media":"","overlay-type":"","overlay-color":"","overlay-opacity":"","overlay-gradient":""}},"ast-content-background-meta":{"desktop":{"background-color":"var(--ast-global-color-5)","background-image":"","background-repeat":"repeat","background-position":"center center","background-size":"auto","background-attachment":"scroll","background-type":"","background-media":"","overlay-type":"","overlay-color":"","overlay-opacity":"","overlay-gradient":""},"tablet":{"background-color":"var(--ast-global-color-5)","background-image":"","background-repeat":"repeat","background-position":"center center","background-size":"auto","background-attachment":"scroll","background-type":"","background-media":"","overlay-type":"","overlay-color":"","overlay-opacity":"","overlay-gradient":""},"mobile":{"background-color":"var(--ast-global-color-5)","background-image":"","background-repeat":"repeat","background-position":"center center","background-size":"auto","background-attachment":"scroll","background-type":"","background-media":"","overlay-type":"","overlay-color":"","overlay-opacity":"","overlay-gradient":""}},"_glsr_average":0,"_glsr_ranking":0,"_glsr_reviews":0,"footnotes":""},"class_list":["post-351","page","type-page","status-publish","hentry"],"_links":{"self":[{"href":"https:\/\/eulennest.gaeste-mappe.at\/en\/wp-json\/wp\/v2\/pages\/351","targetHints":{"allow":["GET"]}}],"collection":[{"href":"https:\/\/eulennest.gaeste-mappe.at\/en\/wp-json\/wp\/v2\/pages"}],"about":[{"href":"https:\/\/eulennest.gaeste-mappe.at\/en\/wp-json\/wp\/v2\/types\/page"}],"author":[{"embeddable":true,"href":"https:\/\/eulennest.gaeste-mappe.at\/en\/wp-json\/wp\/v2\/users\/2"}],"replies":[{"embeddable":true,"href":"https:\/\/eulennest.gaeste-mappe.at\/en\/wp-json\/wp\/v2\/comments?post=351"}],"version-history":[{"count":66,"href":"https:\/\/eulennest.gaeste-mappe.at\/en\/wp-json\/wp\/v2\/pages\/351\/revisions"}],"predecessor-version":[{"id":12818,"href":"https:\/\/eulennest.gaeste-mappe.at\/en\/wp-json\/wp\/v2\/pages\/351\/revisions\/12818"}],"wp:attachment":[{"href":"https:\/\/eulennest.gaeste-mappe.at\/en\/wp-json\/wp\/v2\/media?parent=351"}],"curies":[{"name":"wp","href":"https:\/\/api.w.org\/{rel}","templated":true}]}}