{"id":375,"date":"2021-11-02T12:10:47","date_gmt":"2021-11-02T12:10:47","guid":{"rendered":"https:\/\/demo.zorentino.com\/?page_id=375"},"modified":"2026-04-07T16:25:38","modified_gmt":"2026-04-07T16:25:38","slug":"ihre-bewertung","status":"publish","type":"page","link":"https:\/\/eulennest.gaeste-mappe.at\/en\/ihre-bewertung\/","title":{"rendered":"Rate your stay"},"content":{"rendered":"<div data-elementor-type=\"wp-page\" data-elementor-id=\"375\" class=\"elementor elementor-375\" data-elementor-post-type=\"page\">\n\t\t\t\t\t\t<section class=\"elementor-section elementor-top-section elementor-element elementor-element-3473c647 elementor-section-boxed elementor-section-height-default elementor-section-height-default\" data-id=\"3473c647\" data-element_type=\"section\" data-e-type=\"section\" data-settings=\"{&quot;background_background&quot;:&quot;classic&quot;}\">\n\t\t\t\t\t\t<div class=\"elementor-container elementor-column-gap-default\">\n\t\t\t\t\t<div class=\"elementor-column elementor-col-100 elementor-top-column elementor-element elementor-element-76038f17 ueb\" data-id=\"76038f17\" data-element_type=\"column\" data-e-type=\"column\">\n\t\t\t<div class=\"elementor-widget-wrap elementor-element-populated\">\n\t\t\t\t\t\t<div class=\"elementor-element elementor-element-7b20a10a elementor-icon-list--layout-traditional elementor-list-item-link-full_width elementor-widget elementor-widget-icon-list\" data-id=\"7b20a10a\" data-element_type=\"widget\" data-e-type=\"widget\" data-widget_type=\"icon-list.default\">\n\t\t\t\t<div class=\"elementor-widget-container\">\n\t\t\t\t\t\t\t<ul class=\"elementor-icon-list-items\">\n\t\t\t\t\t\t\t<li class=\"elementor-icon-list-item\">\n\t\t\t\t\t\t\t\t\t\t\t<span class=\"elementor-icon-list-icon\">\n\t\t\t\t\t\t\t<svg xmlns=\"http:\/\/www.w3.org\/2000\/svg\" xmlns:xlink=\"http:\/\/www.w3.org\/1999\/xlink\" id=\"Capa_1\" x=\"0px\" y=\"0px\" viewbox=\"0 0 512 512\" style=\"enable-background:new 0 0 512 512;\" xml:space=\"preserve\"><g>\t<g>\t\t<path d=\"M94.526,244.611c-0.769-2.359-2.809-4.074-5.267-4.432l-24.899-3.618L53.234,214.08c-2.203-4.445-9.484-4.445-11.687,0    l-11.126,22.481l-24.84,3.618c-2.451,0.358-4.491,2.079-5.26,4.439c-0.769,2.353-0.13,4.941,1.649,6.674l18.016,17.56    l-4.25,24.775c-0.417,2.444,0.587,4.921,2.594,6.381c2.014,1.453,4.68,1.643,6.87,0.489l22.188-11.7l22.253,11.7    c0.952,0.502,1.995,0.75,3.031,0.75c1.349,0,2.698-0.424,3.839-1.238c2.008-1.467,3.011-3.937,2.594-6.381l-4.243-24.775    l18.016-17.56C94.657,249.565,95.295,246.971,94.526,244.611z\"><\/path>\t<\/g><\/g><g>\t<g>\t\t<path d=\"M198.815,244.611c-0.769-2.359-2.809-4.074-5.267-4.432l-24.899-3.618l-11.126-22.481c-2.203-4.445-9.484-4.445-11.687,0    l-11.126,22.481l-24.84,3.618c-2.451,0.358-4.491,2.079-5.26,4.439c-0.769,2.353-0.13,4.941,1.649,6.674l18.016,17.56    l-4.25,24.775c-0.417,2.444,0.587,4.928,2.594,6.381c2.008,1.453,4.68,1.643,6.87,0.489l22.188-11.7l22.253,11.7    c0.952,0.502,1.995,0.75,3.031,0.75c1.349,0,2.698-0.424,3.839-1.238c2.008-1.467,3.011-3.937,2.594-6.381l-4.243-24.775    l18.016-17.56C198.946,249.565,199.584,246.971,198.815,244.611z\"><\/path>\t<\/g><\/g><g>\t<g>\t\t<path d=\"M303.104,244.611c-0.769-2.359-2.809-4.074-5.267-4.432l-24.899-3.618l-11.126-22.481c-2.203-4.445-9.484-4.445-11.687,0    l-11.126,22.481l-24.84,3.618c-2.451,0.358-4.491,2.079-5.26,4.439c-0.769,2.353-0.13,4.941,1.649,6.674l18.016,17.56    l-4.25,24.775c-0.417,2.444,0.587,4.921,2.594,6.381c2.014,1.453,4.68,1.643,6.87,0.489l22.187-11.7l22.253,11.7    c0.952,0.502,1.995,0.75,3.031,0.75c1.349,0,2.698-0.424,3.839-1.238c2.008-1.467,3.011-3.937,2.594-6.381l-4.243-24.775    l18.016-17.56C303.235,249.565,303.873,246.971,303.104,244.611z\"><\/path>\t<\/g><\/g><g>\t<g>\t\t<path d=\"M407.393,244.611c-0.769-2.359-2.809-4.074-5.267-4.432l-24.899-3.618l-11.126-22.481c-2.203-4.445-9.484-4.445-11.687,0    l-11.126,22.481l-24.84,3.618c-2.451,0.358-4.491,2.079-5.26,4.439c-0.769,2.353-0.13,4.941,1.649,6.674l18.016,17.56    l-4.25,24.775c-0.417,2.444,0.587,4.921,2.594,6.381c2.014,1.453,4.68,1.643,6.87,0.489l22.187-11.7l22.253,11.7    c0.952,0.502,1.995,0.75,3.031,0.75c1.349,0,2.698-0.424,3.839-1.238c2.008-1.467,3.011-3.937,2.594-6.381l-4.243-24.775    l18.016-17.56C407.523,249.565,408.162,246.971,407.393,244.611z\"><\/path>\t<\/g><\/g><g>\t<g>\t\t<path d=\"M511.682,244.611c-0.776-2.359-2.809-4.074-5.267-4.432l-24.899-3.618L470.39,214.08c-2.203-4.445-9.484-4.445-11.687,0    l-11.126,22.481l-24.84,3.618c-2.451,0.358-4.491,2.079-5.26,4.439c-0.769,2.353-0.13,4.941,1.649,6.674l18.016,17.56    l-4.25,24.775c-0.417,2.444,0.587,4.921,2.594,6.381c1.134,0.821,2.477,1.238,3.826,1.238c1.043,0,2.086-0.248,3.05-0.75    l22.188-11.7l22.259,11.7c2.19,1.167,4.849,0.971,6.864-0.495c2.001-1.46,3.005-3.93,2.588-6.375l-4.243-24.775l18.016-17.56    C511.812,249.565,512.445,246.971,511.682,244.611z\"><\/path>\t<\/g><\/g><g><\/g><g><\/g><g><\/g><g><\/g><g><\/g><g><\/g><g><\/g><g><\/g><g><\/g><g><\/g><g><\/g><g><\/g><g><\/g><g><\/g><g><\/g><\/svg>\t\t\t\t\t\t<\/span>\n\t\t\t\t\t\t\t\t\t\t<span class=\"elementor-icon-list-text\">Rate your stay<\/span>\n\t\t\t\t\t\t\t\t\t<\/li>\n\t\t\t\t\t\t<\/ul>\n\t\t\t\t\t\t<\/div>\n\t\t\t\t<\/div>\n\t\t\t\t\t<\/div>\n\t\t<\/div>\n\t\t\t\t\t<\/div>\n\t\t<\/section>\n\t\t<div class=\"elementor-element elementor-element-c6c0e1d e-flex e-con-boxed e-con e-parent\" data-id=\"c6c0e1d\" data-element_type=\"container\" data-e-type=\"container\">\n\t\t\t\t\t<div class=\"e-con-inner\">\n\t\t\t\t<div class=\"elementor-element elementor-element-2833695 elementor-widget elementor-widget-text-editor\" data-id=\"2833695\" data-element_type=\"widget\" data-e-type=\"widget\" data-widget_type=\"text-editor.default\">\n\t\t\t\t<div class=\"elementor-widget-container\">\n\t\t\t\t\t\t\t\t\t<p>Did you really enjoy your time with us?<\/p><p>Then we would be delighted if you shared your beautiful memories with others.<\/p><p>By leaving a review on Holidaycheck, Google or directly through the platform you booked with us, you not only help us, but also other guests to find their perfect holiday destination.<\/p><p>Thank you so much for your support!<\/p><p><span style=\"font-style: inherit; font-weight: inherit; color: var( --e-global-color-text ); font-family: var( --e-global-typography-text-font-family ), Sans-serif; text-align: var(--text-align); background-color: var(--ast-global-color-5);\"><span style=\"text-decoration: underline;\"><a href=\"https:\/\/www.holidaycheck.de\/hr\/bewertungen-ferienhaus-eulennest-am-millstaetter-see\/128f9eae-16fc-44a8-a3d0-fa4e522d0a7d\" target=\"_blank\" rel=\"noopener\">Rate on HolidayCheck<\/a><\/span><br \/><\/span><\/p><p><span style=\"text-decoration: underline;\"><a href=\"https:\/\/search.google.com\/local\/writereview?placeid=ChIJcfc5Gc69cEcRgOjFGU9GWDg\" target=\"_blank\" rel=\"noopener\">Rate on Google<\/a><\/span><\/p>\t\t\t\t\t\t\t\t<\/div>\n\t\t\t\t<\/div>\n\t\t\t\t\t<\/div>\n\t\t\t\t<\/div>\n\t\t\t\t<\/div>","protected":false},"excerpt":{"rendered":"<p>Ihre Bewertung Hat es euch bei uns so richtig gut gefallen? Dann w\u00fcrden wir uns von Herzen freuen, wenn ihr eure sch\u00f6nen Erinnerungen mit anderen teilt. Mit einer Bewertung auf Holidaycheck, bei Google oder auch direkt \u00fcber die Plattform, \u00fcber die ihr uns gebucht habt, helft ihr nicht nur uns, sondern auch anderen G\u00e4sten, ihren [&hellip;]<\/p>\n","protected":false},"author":2,"featured_media":0,"parent":0,"menu_order":0,"comment_status":"closed","ping_status":"closed","template":"","meta":{"site-sidebar-layout":"no-sidebar","site-content-layout":"page-builder","ast-site-content-layout":"default","site-content-style":"default","site-sidebar-style":"default","ast-global-header-display":"","ast-banner-title-visibility":"","ast-main-header-display":"","ast-hfb-above-header-display":"","ast-hfb-below-header-display":"","ast-hfb-mobile-header-display":"","site-post-title":"disabled","ast-breadcrumbs-content":"","ast-featured-img":"disabled","footer-sml-layout":"","ast-disable-related-posts":"","theme-transparent-header-meta":"","adv-header-id-meta":"","stick-header-meta":"","header-above-stick-meta":"","header-main-stick-meta":"","header-below-stick-meta":"","astra-migrate-meta-layouts":"default","ast-page-background-enabled":"default","ast-page-background-meta":{"desktop":{"background-color":"var(--ast-global-color-4)","background-image":"","background-repeat":"repeat","background-position":"center center","background-size":"auto","background-attachment":"scroll","background-type":"","background-media":"","overlay-type":"","overlay-color":"","overlay-opacity":"","overlay-gradient":""},"tablet":{"background-color":"","background-image":"","background-repeat":"repeat","background-position":"center center","background-size":"auto","background-attachment":"scroll","background-type":"","background-media":"","overlay-type":"","overlay-color":"","overlay-opacity":"","overlay-gradient":""},"mobile":{"background-color":"","background-image":"","background-repeat":"repeat","background-position":"center center","background-size":"auto","background-attachment":"scroll","background-type":"","background-media":"","overlay-type":"","overlay-color":"","overlay-opacity":"","overlay-gradient":""}},"ast-content-background-meta":{"desktop":{"background-color":"var(--ast-global-color-5)","background-image":"","background-repeat":"repeat","background-position":"center center","background-size":"auto","background-attachment":"scroll","background-type":"","background-media":"","overlay-type":"","overlay-color":"","overlay-opacity":"","overlay-gradient":""},"tablet":{"background-color":"var(--ast-global-color-5)","background-image":"","background-repeat":"repeat","background-position":"center center","background-size":"auto","background-attachment":"scroll","background-type":"","background-media":"","overlay-type":"","overlay-color":"","overlay-opacity":"","overlay-gradient":""},"mobile":{"background-color":"var(--ast-global-color-5)","background-image":"","background-repeat":"repeat","background-position":"center center","background-size":"auto","background-attachment":"scroll","background-type":"","background-media":"","overlay-type":"","overlay-color":"","overlay-opacity":"","overlay-gradient":""}},"_glsr_average":5,"_glsr_ranking":3.6363636363636,"_glsr_reviews":1,"footnotes":""},"class_list":["post-375","page","type-page","status-publish","hentry"],"_links":{"self":[{"href":"https:\/\/eulennest.gaeste-mappe.at\/en\/wp-json\/wp\/v2\/pages\/375","targetHints":{"allow":["GET"]}}],"collection":[{"href":"https:\/\/eulennest.gaeste-mappe.at\/en\/wp-json\/wp\/v2\/pages"}],"about":[{"href":"https:\/\/eulennest.gaeste-mappe.at\/en\/wp-json\/wp\/v2\/types\/page"}],"author":[{"embeddable":true,"href":"https:\/\/eulennest.gaeste-mappe.at\/en\/wp-json\/wp\/v2\/users\/2"}],"replies":[{"embeddable":true,"href":"https:\/\/eulennest.gaeste-mappe.at\/en\/wp-json\/wp\/v2\/comments?post=375"}],"version-history":[{"count":112,"href":"https:\/\/eulennest.gaeste-mappe.at\/en\/wp-json\/wp\/v2\/pages\/375\/revisions"}],"predecessor-version":[{"id":13256,"href":"https:\/\/eulennest.gaeste-mappe.at\/en\/wp-json\/wp\/v2\/pages\/375\/revisions\/13256"}],"wp:attachment":[{"href":"https:\/\/eulennest.gaeste-mappe.at\/en\/wp-json\/wp\/v2\/media?parent=375"}],"curies":[{"name":"wp","href":"https:\/\/api.w.org\/{rel}","templated":true}]}}