{"id":6621,"date":"2023-05-27T13:23:30","date_gmt":"2023-05-27T13:23:30","guid":{"rendered":"https:\/\/naturliebeharz.gaeste-mappe.com\/?page_id=6621"},"modified":"2025-02-17T16:36:25","modified_gmt":"2025-02-17T16:36:25","slug":"seeboden","status":"publish","type":"page","link":"https:\/\/eulennest.gaeste-mappe.at\/en\/seeboden\/","title":{"rendered":"Seeboden"},"content":{"rendered":"<div data-elementor-type=\"wp-page\" data-elementor-id=\"6621\" class=\"elementor elementor-6621\" data-elementor-post-type=\"page\">\n\t\t\t\t\t\t<section class=\"elementor-section elementor-top-section elementor-element elementor-element-56542d35 elementor-section-boxed elementor-section-height-default elementor-section-height-default\" data-id=\"56542d35\" data-element_type=\"section\" data-e-type=\"section\" data-settings=\"{&quot;background_background&quot;:&quot;classic&quot;}\">\n\t\t\t\t\t\t<div class=\"elementor-container elementor-column-gap-default\">\n\t\t\t\t\t<div class=\"elementor-column elementor-col-100 elementor-top-column elementor-element elementor-element-7948b7df ueb\" data-id=\"7948b7df\" data-element_type=\"column\" data-e-type=\"column\">\n\t\t\t<div class=\"elementor-widget-wrap elementor-element-populated\">\n\t\t\t\t\t\t<div class=\"elementor-element elementor-element-6dc74b20 elementor-icon-list--layout-traditional elementor-list-item-link-full_width elementor-widget elementor-widget-icon-list\" data-id=\"6dc74b20\" data-element_type=\"widget\" data-e-type=\"widget\" data-widget_type=\"icon-list.default\">\n\t\t\t\t<div class=\"elementor-widget-container\">\n\t\t\t\t\t\t\t<ul class=\"elementor-icon-list-items\">\n\t\t\t\t\t\t\t<li class=\"elementor-icon-list-item\">\n\t\t\t\t\t\t\t\t\t\t\t<span class=\"elementor-icon-list-icon\">\n\t\t\t\t\t\t\t<svg xmlns=\"http:\/\/www.w3.org\/2000\/svg\" id=\"Layer_1\" data-name=\"Layer 1\" viewbox=\"0 0 101 101\" width=\"512\" height=\"512\"><path d=\"M39.5,27A1.5,1.5,0,0,0,41,25.5v-6a1.5,1.5,0,0,0-3,0v6A1.5,1.5,0,0,0,39.5,27Z\"><\/path><path d=\"M52.5,27A1.5,1.5,0,0,0,54,25.5v-6a1.5,1.5,0,0,0-3,0v6A1.5,1.5,0,0,0,52.5,27Z\"><\/path><path d=\"M38,49.5a1.5,1.5,0,0,0,3,0v-6a1.5,1.5,0,0,0-3,0Z\"><\/path><path d=\"M51,49.5a1.5,1.5,0,0,0,3,0v-6a1.5,1.5,0,0,0-3,0Z\"><\/path><path d=\"M38,73.5a1.5,1.5,0,0,0,3,0v-6a1.5,1.5,0,0,0-3,0Z\"><\/path><path d=\"M51,73.5a1.5,1.5,0,0,0,3,0v-6a1.5,1.5,0,0,0-3,0Z\"><\/path><path d=\"M15.5,43A1.5,1.5,0,0,0,14,44.5v6a1.5,1.5,0,0,0,3,0v-6A1.5,1.5,0,0,0,15.5,43Z\"><\/path><path d=\"M72,52.5v6a1.5,1.5,0,0,0,3,0v-6a1.5,1.5,0,0,0-3,0Z\"><\/path><path d=\"M86.5,51A1.5,1.5,0,0,0,85,52.5v6a1.5,1.5,0,0,0,3,0v-6A1.5,1.5,0,0,0,86.5,51Z\"><\/path><path d=\"M97.59,39.78,80.81,21.93a1.5,1.5,0,0,0-1.08-.47,1.69,1.69,0,0,0-1.09.45L64,37V9.5A1.5,1.5,0,0,0,62.5,8h-34A1.5,1.5,0,0,0,27,9.5V30H5.5A1.5,1.5,0,0,0,4,31.5v33a1.5,1.5,0,0,0,3,0V33H27V53.5a1.5,1.5,0,0,0,3,0V11H61V85H20.5a1.5,1.5,0,0,0,0,3h60a1.5,1.5,0,0,0,0-3H64V41.25L79.7,25.13,95,41.4V62.5a1.5,1.5,0,0,0,3,0V40.8A1.5,1.5,0,0,0,97.59,39.78Z\"><\/path><\/svg>\t\t\t\t\t\t<\/span>\n\t\t\t\t\t\t\t\t\t\t<span class=\"elementor-icon-list-text\">Seeboden<\/span>\n\t\t\t\t\t\t\t\t\t<\/li>\n\t\t\t\t\t\t<\/ul>\n\t\t\t\t\t\t<\/div>\n\t\t\t\t<\/div>\n\t\t\t\t\t<\/div>\n\t\t<\/div>\n\t\t\t\t\t<\/div>\n\t\t<\/section>\n\t\t\t\t<section class=\"elementor-section elementor-top-section elementor-element elementor-element-7aee201b elementor-section-boxed elementor-section-height-default elementor-section-height-default\" data-id=\"7aee201b\" data-element_type=\"section\" data-e-type=\"section\">\n\t\t\t\t\t\t<div class=\"elementor-container elementor-column-gap-default\">\n\t\t\t\t\t<div class=\"elementor-column elementor-col-100 elementor-top-column elementor-element elementor-element-7c6ac30\" data-id=\"7c6ac30\" data-element_type=\"column\" data-e-type=\"column\">\n\t\t\t<div class=\"elementor-widget-wrap elementor-element-populated\">\n\t\t\t\t\t\t<div class=\"elementor-element elementor-element-718ceec0 elementor-widget elementor-widget-image\" data-id=\"718ceec0\" data-element_type=\"widget\" data-e-type=\"widget\" data-widget_type=\"image.default\">\n\t\t\t\t<div class=\"elementor-widget-container\">\n\t\t\t\t\t\t\t\t\t\t\t\t\t\t\t<img fetchpriority=\"high\" decoding=\"async\" width=\"1140\" height=\"433\" src=\"https:\/\/eulennest.gaeste-mappe.at\/wp-content\/uploads\/2024\/08\/seeboden-lang.jpg\" class=\"attachment-full size-full wp-image-12829\" alt=\"\" srcset=\"https:\/\/eulennest.gaeste-mappe.at\/wp-content\/uploads\/2024\/08\/seeboden-lang.jpg 1140w, https:\/\/eulennest.gaeste-mappe.at\/wp-content\/uploads\/2024\/08\/seeboden-lang-300x114.jpg 300w, https:\/\/eulennest.gaeste-mappe.at\/wp-content\/uploads\/2024\/08\/seeboden-lang-1024x389.jpg 1024w, https:\/\/eulennest.gaeste-mappe.at\/wp-content\/uploads\/2024\/08\/seeboden-lang-768x292.jpg 768w, https:\/\/eulennest.gaeste-mappe.at\/wp-content\/uploads\/2024\/08\/seeboden-lang-18x7.jpg 18w\" sizes=\"(max-width: 1140px) 100vw, 1140px\" \/>\t\t\t\t\t\t\t\t\t\t\t\t\t\t\t<\/div>\n\t\t\t\t<\/div>\n\t\t\t\t\t<\/div>\n\t\t<\/div>\n\t\t\t\t\t<\/div>\n\t\t<\/section>\n\t\t\t\t<section class=\"elementor-section elementor-top-section elementor-element elementor-element-35f25e0d elementor-section-boxed elementor-section-height-default elementor-section-height-default\" data-id=\"35f25e0d\" data-element_type=\"section\" data-e-type=\"section\">\n\t\t\t\t\t\t<div class=\"elementor-container elementor-column-gap-default\">\n\t\t\t\t\t<div class=\"elementor-column elementor-col-100 elementor-top-column elementor-element elementor-element-3b6435cd\" data-id=\"3b6435cd\" data-element_type=\"column\" data-e-type=\"column\">\n\t\t\t<div class=\"elementor-widget-wrap elementor-element-populated\">\n\t\t\t\t\t\t<div class=\"elementor-element elementor-element-7e4bf19e elementor-widget elementor-widget-text-editor\" data-id=\"7e4bf19e\" data-element_type=\"widget\" data-e-type=\"widget\" data-widget_type=\"text-editor.default\">\n\t\t\t\t<div class=\"elementor-widget-container\">\n\t\t\t\t\t\t\t\t\t<p>Seeboden am Millst\u00e4tter See is a picturesque town in Carinthia, Austria. With its idyllic location on the shores of Lake Millst\u00e4tter See and its proximity to the Nockberge Mountains, Seeboden offers a perfect combination of nature, relaxation and leisure opportunities.<\/p><p><strong>Geographical location<\/strong><br \/>Seeboden is located in the district of Spittal an der Drau in Carinthia. The town stretches along the western shore of Lake Millstatt and is surrounded by rolling hills to the north and the impressive Nockberge mountains to the south. This geographical location makes Seeboden an ideal starting point for hikes, bike tours and water sports activities.<\/p><p><strong>Historical background<\/strong><br \/>The history of Seeboden goes back a long way. Archaeological finds prove that the area was already inhabited in Roman times. The town continued to develop in the Middle Ages, which is reflected in the numerous historical buildings and monuments that can still be visited today.<\/p><p><strong>Leisure and activities<\/strong><br \/>Seeboden offers a variety of leisure activities for visitors of all ages. Lake Millstatt is ideal for swimming, sailing, surfing and diving. For hiking enthusiasts, there are well-marked hiking trails that lead through the surrounding mountains and forests. Cyclists can use the well-developed cycle paths around the lake and in the Nockberge Mountains. In winter, nearby ski resorts offer ideal conditions for skiers and snowboarders.<br \/>Also check out the categories: <span style=\"text-decoration: underline;\"><a href=\"https:\/\/eulennest.gaeste-mappe.at\/en\/freizeitaktivitaeten\/\">leisure activities,<\/a><\/span>\u00a0<span style=\"text-decoration: underline;\"><a href=\"https:\/\/eulennest.gaeste-mappe.at\/en\/veranstaltungen\/\">Events<\/a><\/span>\u00a0<\/p><p><strong>Places of interest<\/strong><br \/>The sights in Seeboden include the <span style=\"text-decoration: underline;\"><a href=\"https:\/\/www.sommeregg.at\/\" rel=\"noopener\" target=\"_blank\">Sommeregg Castle<\/a><\/span> with its medieval torture museum and the <span style=\"text-decoration: underline;\"><a href=\"https:\/\/www.bonsai.at\/\" rel=\"noopener\" target=\"_blank\">Bonsai Museum<\/a><\/span>, which presents an impressive collection of bonsai trees. Lake Millstatt is also a highlight, especially at sunset when the surroundings are bathed in a picturesque light.<\/p><p><strong>Culinary and gastronomy<\/strong><br \/>The regional cuisine in Seeboden is characterized by Carinthian specialties such as Kasnudeln, Reindling and fresh fish from Lake Millstatt. Numerous restaurants and inns offer these traditional dishes and invite you to linger. The Seeboden farmers&#039; market deserves special mention, where local products and specialties can be bought directly from the producers. You can find more information in the section: <span style=\"text-decoration: underline;\"><a href=\"https:\/\/eulennest.gaeste-mappe.at\/en\/essen-und-trinken\/\">Eat Drink<\/a><\/span><\/p><p><strong>Events and culture<\/strong><br \/>Throughout the year, Seeboden hosts numerous <span style=\"text-decoration: underline;\"><a href=\"https:\/\/eulennest.gaeste-mappe.at\/en\/veranstaltungen\/\">Events<\/a><\/span> and cultural events take place. The Seeboden Lake Festival, the traditional fish festival and various concerts on the lake are particularly popular. These events offer an insight into the local culture and community life in Seeboden.<\/p><p><strong>Conclusion<\/strong><br \/>Seeboden on Lake Millstatt is a charming place that has something to offer everyone. Whether you are looking for relaxation, an active holidaymaker or someone interested in culture - everyone will find the right offer here. The beautiful nature, the warm hospitality and the diverse leisure opportunities make Seeboden a perfect holiday destination in Carinthia.<\/p>\t\t\t\t\t\t\t\t<\/div>\n\t\t\t\t<\/div>\n\t\t\t\t\t<\/div>\n\t\t<\/div>\n\t\t\t\t\t<\/div>\n\t\t<\/section>\n\t\t\t\t<\/div>","protected":false},"excerpt":{"rendered":"<p>Seeboden Seeboden am Millst\u00e4tter See ist ein malerischer Ort in K\u00e4rnten, \u00d6sterreich. Mit seiner idyllischen Lage am Ufer des Millst\u00e4tter Sees und seiner N\u00e4he zu den Nockbergen bietet Seeboden eine perfekte Kombination aus Natur, Erholung und Freizeitm\u00f6glichkeiten. Geografische LageSeeboden liegt im Bezirk Spittal an der Drau in K\u00e4rnten. Der Ort erstreckt sich entlang des westlichen [&hellip;]<\/p>\n","protected":false},"author":2,"featured_media":0,"parent":0,"menu_order":0,"comment_status":"closed","ping_status":"closed","template":"","meta":{"site-sidebar-layout":"no-sidebar","site-content-layout":"page-builder","ast-site-content-layout":"default","site-content-style":"default","site-sidebar-style":"default","ast-global-header-display":"","ast-banner-title-visibility":"","ast-main-header-display":"","ast-hfb-above-header-display":"","ast-hfb-below-header-display":"","ast-hfb-mobile-header-display":"","site-post-title":"disabled","ast-breadcrumbs-content":"","ast-featured-img":"disabled","footer-sml-layout":"","ast-disable-related-posts":"","theme-transparent-header-meta":"","adv-header-id-meta":"","stick-header-meta":"","header-above-stick-meta":"","header-main-stick-meta":"","header-below-stick-meta":"","astra-migrate-meta-layouts":"default","ast-page-background-enabled":"default","ast-page-background-meta":{"desktop":{"background-color":"var(--ast-global-color-4)","background-image":"","background-repeat":"repeat","background-position":"center center","background-size":"auto","background-attachment":"scroll","background-type":"","background-media":"","overlay-type":"","overlay-color":"","overlay-opacity":"","overlay-gradient":""},"tablet":{"background-color":"","background-image":"","background-repeat":"repeat","background-position":"center center","background-size":"auto","background-attachment":"scroll","background-type":"","background-media":"","overlay-type":"","overlay-color":"","overlay-opacity":"","overlay-gradient":""},"mobile":{"background-color":"","background-image":"","background-repeat":"repeat","background-position":"center center","background-size":"auto","background-attachment":"scroll","background-type":"","background-media":"","overlay-type":"","overlay-color":"","overlay-opacity":"","overlay-gradient":""}},"ast-content-background-meta":{"desktop":{"background-color":"var(--ast-global-color-5)","background-image":"","background-repeat":"repeat","background-position":"center center","background-size":"auto","background-attachment":"scroll","background-type":"","background-media":"","overlay-type":"","overlay-color":"","overlay-opacity":"","overlay-gradient":""},"tablet":{"background-color":"var(--ast-global-color-5)","background-image":"","background-repeat":"repeat","background-position":"center center","background-size":"auto","background-attachment":"scroll","background-type":"","background-media":"","overlay-type":"","overlay-color":"","overlay-opacity":"","overlay-gradient":""},"mobile":{"background-color":"var(--ast-global-color-5)","background-image":"","background-repeat":"repeat","background-position":"center center","background-size":"auto","background-attachment":"scroll","background-type":"","background-media":"","overlay-type":"","overlay-color":"","overlay-opacity":"","overlay-gradient":""}},"_glsr_average":0,"_glsr_ranking":0,"_glsr_reviews":0,"footnotes":""},"class_list":["post-6621","page","type-page","status-publish","hentry"],"_links":{"self":[{"href":"https:\/\/eulennest.gaeste-mappe.at\/en\/wp-json\/wp\/v2\/pages\/6621","targetHints":{"allow":["GET"]}}],"collection":[{"href":"https:\/\/eulennest.gaeste-mappe.at\/en\/wp-json\/wp\/v2\/pages"}],"about":[{"href":"https:\/\/eulennest.gaeste-mappe.at\/en\/wp-json\/wp\/v2\/types\/page"}],"author":[{"embeddable":true,"href":"https:\/\/eulennest.gaeste-mappe.at\/en\/wp-json\/wp\/v2\/users\/2"}],"replies":[{"embeddable":true,"href":"https:\/\/eulennest.gaeste-mappe.at\/en\/wp-json\/wp\/v2\/comments?post=6621"}],"version-history":[{"count":101,"href":"https:\/\/eulennest.gaeste-mappe.at\/en\/wp-json\/wp\/v2\/pages\/6621\/revisions"}],"predecessor-version":[{"id":13196,"href":"https:\/\/eulennest.gaeste-mappe.at\/en\/wp-json\/wp\/v2\/pages\/6621\/revisions\/13196"}],"wp:attachment":[{"href":"https:\/\/eulennest.gaeste-mappe.at\/en\/wp-json\/wp\/v2\/media?parent=6621"}],"curies":[{"name":"wp","href":"https:\/\/api.w.org\/{rel}","templated":true}]}}