{"id":6623,"date":"2023-05-27T13:24:01","date_gmt":"2023-05-27T13:24:01","guid":{"rendered":"https:\/\/naturliebeharz.gaeste-mappe.com\/?page_id=6623"},"modified":"2024-08-06T13:15:22","modified_gmt":"2024-08-06T13:15:22","slug":"kaernten-card","status":"publish","type":"page","link":"https:\/\/eulennest.gaeste-mappe.at\/en\/kaernten-card\/","title":{"rendered":"K\u00e4rnten Card"},"content":{"rendered":"<div data-elementor-type=\"wp-page\" data-elementor-id=\"6623\" class=\"elementor elementor-6623\" data-elementor-post-type=\"page\">\n\t\t\t\t\t\t<section class=\"elementor-section elementor-top-section elementor-element elementor-element-56542d35 elementor-section-boxed elementor-section-height-default elementor-section-height-default\" data-id=\"56542d35\" data-element_type=\"section\" data-e-type=\"section\" data-settings=\"{&quot;background_background&quot;:&quot;classic&quot;}\">\n\t\t\t\t\t\t<div class=\"elementor-container elementor-column-gap-default\">\n\t\t\t\t\t<div class=\"elementor-column elementor-col-100 elementor-top-column elementor-element elementor-element-7948b7df ueb\" data-id=\"7948b7df\" data-element_type=\"column\" data-e-type=\"column\">\n\t\t\t<div class=\"elementor-widget-wrap elementor-element-populated\">\n\t\t\t\t\t\t<div class=\"elementor-element elementor-element-6dc74b20 elementor-icon-list--layout-traditional elementor-list-item-link-full_width elementor-widget elementor-widget-icon-list\" data-id=\"6dc74b20\" data-element_type=\"widget\" data-e-type=\"widget\" data-widget_type=\"icon-list.default\">\n\t\t\t\t<div class=\"elementor-widget-container\">\n\t\t\t\t\t\t\t<ul class=\"elementor-icon-list-items\">\n\t\t\t\t\t\t\t<li class=\"elementor-icon-list-item\">\n\t\t\t\t\t\t\t\t\t\t\t<span class=\"elementor-icon-list-icon\">\n\t\t\t\t\t\t\t<svg xmlns=\"http:\/\/www.w3.org\/2000\/svg\" xmlns:xlink=\"http:\/\/www.w3.org\/1999\/xlink\" id=\"Layer_1\" x=\"0px\" y=\"0px\" viewbox=\"0 0 512.002 512.002\" style=\"enable-background:new 0 0 512.002 512.002;\" xml:space=\"preserve\"><g>\t<g>\t\t<g>\t\t\t<path d=\"M481.519,123.22h-0.009l-20.71-2.227v-14.327H0v51.2h443.733v17.067H0v179.2c0,15.428,10.351,28.348,24.422,32.563    c-0.009,7.774,2.449,15.292,7.398,21.436c5.717,7.1,13.867,11.537,22.886,12.51l394.061,44.228    c1.229,0.137,2.449,0.196,3.661,0.196c17.203,0,32.043-13.013,33.937-30.601l25.438-273.656    C513.818,142.104,500.233,125.234,481.519,123.22z M264.533,252.031c0-4.719,3.823-8.533,8.533-8.533H409.6    c4.71,0,8.533,3.814,8.533,8.533v76.501c0,4.719-3.823,8.533-8.533,8.533H273.067c-4.71,0-8.533-3.814-8.533-8.533V252.031z     M145.067,209.065h68.267c4.71,0,8.533,3.823,8.533,8.533c0,4.719-3.823,8.533-8.533,8.533h-68.267    c-4.71,0-8.533-3.814-8.533-8.533C136.533,212.888,140.356,209.065,145.067,209.065z M221.867,251.732    c0,4.719-3.823,8.533-8.533,8.533h-25.6c-4.71,0-8.533-3.814-8.533-8.533c0-4.71,3.823-8.533,8.533-8.533h25.6    C218.044,243.199,221.867,247.022,221.867,251.732z M42.667,209.065h68.267c4.71,0,8.533,3.823,8.533,8.533    c0,4.719-3.823,8.533-8.533,8.533H42.667c-4.71,0-8.533-3.814-8.533-8.533C34.133,212.888,37.956,209.065,42.667,209.065z     M34.133,251.732c0-4.71,3.823-8.533,8.533-8.533H153.6c4.71,0,8.533,3.823,8.533,8.533c0,4.719-3.823,8.533-8.533,8.533H42.667    C37.956,260.265,34.133,256.451,34.133,251.732z M494.822,159.103L469.385,432.75c-1.007,9.361-9.387,16.154-18.756,15.155    L56.567,403.677c-4.531-0.486-8.602-2.705-11.46-6.255c-2.142-2.662-3.413-5.828-3.712-9.156h385.271    c18.825,0,34.133-15.3,34.133-34.133v-179.2v-17.067v-19.703l18.893,2.022C489.045,141.2,495.838,149.631,494.822,159.103z\"><\/path>\t\t\t<rect x=\"281.602\" y=\"260.56\" width=\"119.467\" height=\"59.443\"><\/rect>\t\t\t<path d=\"M460.802,81.07c0-18.825-15.309-34.133-34.133-34.133H34.135c-18.825,0-34.133,15.309-34.133,34.133v8.533h460.8V81.07z\"><\/path>\t\t<\/g>\t<\/g><\/g><g><\/g><g><\/g><g><\/g><g><\/g><g><\/g><g><\/g><g><\/g><g><\/g><g><\/g><g><\/g><g><\/g><g><\/g><g><\/g><g><\/g><g><\/g><\/svg>\t\t\t\t\t\t<\/span>\n\t\t\t\t\t\t\t\t\t\t<span class=\"elementor-icon-list-text\">K\u00e4rnten Card<\/span>\n\t\t\t\t\t\t\t\t\t<\/li>\n\t\t\t\t\t\t<\/ul>\n\t\t\t\t\t\t<\/div>\n\t\t\t\t<\/div>\n\t\t\t\t\t<\/div>\n\t\t<\/div>\n\t\t\t\t\t<\/div>\n\t\t<\/section>\n\t\t\t\t<section class=\"elementor-section elementor-top-section elementor-element elementor-element-3e6ed1f4 elementor-section-boxed elementor-section-height-default elementor-section-height-default\" data-id=\"3e6ed1f4\" data-element_type=\"section\" data-e-type=\"section\">\n\t\t\t\t\t\t<div class=\"elementor-container elementor-column-gap-default\">\n\t\t\t\t\t<div class=\"elementor-column elementor-col-100 elementor-top-column elementor-element elementor-element-5eee4b49\" data-id=\"5eee4b49\" data-element_type=\"column\" data-e-type=\"column\">\n\t\t\t<div class=\"elementor-widget-wrap elementor-element-populated\">\n\t\t\t\t\t\t<div class=\"elementor-element elementor-element-54ea17a0 elementor-icon-list--layout-traditional elementor-list-item-link-full_width elementor-widget elementor-widget-icon-list\" data-id=\"54ea17a0\" data-element_type=\"widget\" data-e-type=\"widget\" data-widget_type=\"icon-list.default\">\n\t\t\t\t<div class=\"elementor-widget-container\">\n\t\t\t\t\t\t\t<ul class=\"elementor-icon-list-items\">\n\t\t\t\t\t\t\t<li class=\"elementor-icon-list-item\">\n\t\t\t\t\t\t\t\t\t\t<span class=\"elementor-icon-list-text\">The advantages of the K\u00e4rntenCard<\/span>\n\t\t\t\t\t\t\t\t\t<\/li>\n\t\t\t\t\t\t<\/ul>\n\t\t\t\t\t\t<\/div>\n\t\t\t\t<\/div>\n\t\t\t\t\t<\/div>\n\t\t<\/div>\n\t\t\t\t\t<\/div>\n\t\t<\/section>\n\t\t\t\t<section class=\"elementor-section elementor-top-section elementor-element elementor-element-2b326bd5 elementor-section-boxed elementor-section-height-default elementor-section-height-default\" data-id=\"2b326bd5\" data-element_type=\"section\" data-e-type=\"section\">\n\t\t\t\t\t\t<div class=\"elementor-container elementor-column-gap-default\">\n\t\t\t\t\t<div class=\"elementor-column elementor-col-100 elementor-top-column elementor-element elementor-element-57bef955\" data-id=\"57bef955\" data-element_type=\"column\" data-e-type=\"column\">\n\t\t\t<div class=\"elementor-widget-wrap elementor-element-populated\">\n\t\t\t\t\t\t<div class=\"elementor-element elementor-element-6af54b4a elementor-widget elementor-widget-text-editor\" data-id=\"6af54b4a\" data-element_type=\"widget\" data-e-type=\"widget\" data-widget_type=\"text-editor.default\">\n\t\t\t\t<div class=\"elementor-widget-container\">\n\t\t\t\t\t\t\t\t\t<h4>Free entry to over 100 leisure facilities<\/h4><p>The K\u00e4rntenCard is an indispensable companion for anyone who wants to enjoy the state of Carinthia to the fullest. It offers numerous advantages and allows you to explore the region inexpensively.<\/p><p>With the K\u00e4rntenCard you get free entry to more than 100 leisure facilities in various categories:<\/p><ul><li><strong>Shipping<\/strong>: Enjoy relaxing boat trips on Carinthia&#039;s lakes and discover the picturesque landscapes from the water.<\/li><li><strong>Mountain railways<\/strong>: Use the mountain railways to easily reach the peaks and experience the impressive Alpine scenery.<\/li><li><strong>Panoramic roads<\/strong>: Drive on breathtaking panoramic roads and enjoy the spectacular views of the Carinthian mountains.<\/li><li><strong>Leisure time<\/strong>: Experience a variety of recreational activities including adventure playgrounds, theme parks and more.<\/li><li><strong>Animal experiences<\/strong>: Visit wildlife parks, zoos and reptile houses and experience the animal world up close.<\/li><li><strong>Water parks<\/strong>: Relax in water parks and thermal baths or enjoy an active day in the water.<\/li><li><strong>Nature experiences<\/strong>: Discover natural parks, botanical gardens and nature reserves.<\/li><li><strong>Museums<\/strong>: Gain insights into regional history and culture in numerous museums.<\/li><\/ul><h4>Discounts from over 50 bonus partners<\/h4><p>In addition to free admission, the K\u00e4rntenCard also offers attractive discounts from over 50 bonus partners:<\/p><ul><li><strong>Sports and leisure facilities<\/strong>: Discounts on activities such as climbing, golf and water sports.<\/li><li><strong>Culinary<\/strong>: Discounts in selected restaurants, caf\u00e9s and alpine huts.<\/li><li><strong>Shopping<\/strong>: Discounts in various shops and boutiques.<\/li><li><strong>Wellness<\/strong>: Discounts in wellness and spa facilities to pamper your body and soul.<\/li><\/ul><p>The K\u00e4rntenCard is a versatile and valuable offer that helps you experience Carinthia in a variety of ways and save money at the same time. Whether you are interested in adventure, relaxation, nature or culture - with the K\u00e4rntenCard you have the best opportunities to discover the state in its entirety.<\/p>\t\t\t\t\t\t\t\t<\/div>\n\t\t\t\t<\/div>\n\t\t\t\t\t<\/div>\n\t\t<\/div>\n\t\t\t\t\t<\/div>\n\t\t<\/section>\n\t\t\t\t<section class=\"elementor-section elementor-top-section elementor-element elementor-element-25d5f62c elementor-section-boxed elementor-section-height-default elementor-section-height-default\" data-id=\"25d5f62c\" data-element_type=\"section\" data-e-type=\"section\">\n\t\t\t\t\t\t<div class=\"elementor-container elementor-column-gap-default\">\n\t\t\t\t\t<div class=\"elementor-column elementor-col-100 elementor-top-column elementor-element elementor-element-1bcb0163\" data-id=\"1bcb0163\" data-element_type=\"column\" data-e-type=\"column\">\n\t\t\t<div class=\"elementor-widget-wrap elementor-element-populated\">\n\t\t\t\t\t\t<div class=\"elementor-element elementor-element-56785259 elementor-icon-list--layout-traditional elementor-list-item-link-full_width elementor-widget elementor-widget-icon-list\" data-id=\"56785259\" data-element_type=\"widget\" data-e-type=\"widget\" data-widget_type=\"icon-list.default\">\n\t\t\t\t<div class=\"elementor-widget-container\">\n\t\t\t\t\t\t\t<ul class=\"elementor-icon-list-items\">\n\t\t\t\t\t\t\t<li class=\"elementor-icon-list-item\">\n\t\t\t\t\t\t\t\t\t\t<span class=\"elementor-icon-list-text\">Further information at kaerntencard.at<\/span>\n\t\t\t\t\t\t\t\t\t<\/li>\n\t\t\t\t\t\t<\/ul>\n\t\t\t\t\t\t<\/div>\n\t\t\t\t<\/div>\n\t\t\t\t\t<\/div>\n\t\t<\/div>\n\t\t\t\t\t<\/div>\n\t\t<\/section>\n\t\t<div class=\"elementor-element elementor-element-5fadb70d e-flex e-con-boxed e-con e-parent\" data-id=\"5fadb70d\" data-element_type=\"container\" data-e-type=\"container\">\n\t\t\t\t\t<div class=\"e-con-inner\">\n\t\t\t\t<div class=\"elementor-element elementor-element-4e555751 elementor-widget elementor-widget-text-editor\" data-id=\"4e555751\" data-element_type=\"widget\" data-e-type=\"widget\" data-widget_type=\"text-editor.default\">\n\t\t\t\t<div class=\"elementor-widget-container\">\n\t\t\t\t\t\t\t\t\t<p>A ticket is available for summer and one for winter. For more information, visit\u00a0 <a href=\"https:\/\/www.kaerntencard.at\/\" target=\"_blank\" rel=\"noopener\">https:\/\/www.kaerntencard.at\/<\/a> or click on one of the images below to go directly to the Summer or Winter Card.<\/p>\t\t\t\t\t\t\t\t<\/div>\n\t\t\t\t<\/div>\n\t\t\t\t\t<\/div>\n\t\t\t\t<\/div>\n\t\t<div class=\"elementor-element elementor-element-6bb21dad e-flex e-con-boxed e-con e-parent\" data-id=\"6bb21dad\" data-element_type=\"container\" data-e-type=\"container\">\n\t\t\t\t\t<div class=\"e-con-inner\">\n\t\t<div class=\"elementor-element elementor-element-791ad570 e-con-full e-flex e-con e-child\" data-id=\"791ad570\" data-element_type=\"container\" data-e-type=\"container\">\n\t\t\t\t<div class=\"elementor-element elementor-element-49bef389 elementor-widget elementor-widget-image\" data-id=\"49bef389\" data-element_type=\"widget\" data-e-type=\"widget\" data-widget_type=\"image.default\">\n\t\t\t\t<div class=\"elementor-widget-container\">\n\t\t\t\t\t\t\t\t\t\t\t\t<figure class=\"wp-caption\">\n\t\t\t\t\t\t\t\t\t\t\t<a href=\"https:\/\/www.kaerntencard.at\/sommer\/\" target=\"_blank\" rel=\"noopener\">\n\t\t\t\t\t\t\t<img fetchpriority=\"high\" decoding=\"async\" width=\"1024\" height=\"364\" src=\"https:\/\/eulennest.gaeste-mappe.at\/wp-content\/uploads\/2024\/08\/card-sommer-1024x364.jpg\" class=\"attachment-large size-large wp-image-12756\" alt=\"\" srcset=\"https:\/\/eulennest.gaeste-mappe.at\/wp-content\/uploads\/2024\/08\/card-sommer-1024x364.jpg 1024w, https:\/\/eulennest.gaeste-mappe.at\/wp-content\/uploads\/2024\/08\/card-sommer-300x107.jpg 300w, https:\/\/eulennest.gaeste-mappe.at\/wp-content\/uploads\/2024\/08\/card-sommer-768x273.jpg 768w, https:\/\/eulennest.gaeste-mappe.at\/wp-content\/uploads\/2024\/08\/card-sommer-18x6.jpg 18w, https:\/\/eulennest.gaeste-mappe.at\/wp-content\/uploads\/2024\/08\/card-sommer.jpg 1200w\" sizes=\"(max-width: 1024px) 100vw, 1024px\" \/>\t\t\t\t\t\t\t\t<\/a>\n\t\t\t\t\t\t\t\t\t\t\t<figcaption class=\"widget-image-caption wp-caption-text\">CarinthiaCard Summer<\/figcaption>\n\t\t\t\t\t\t\t\t\t\t<\/figure>\n\t\t\t\t\t\t\t\t\t<\/div>\n\t\t\t\t<\/div>\n\t\t\t\t<\/div>\n\t\t<div class=\"elementor-element elementor-element-4e3ce39c e-con-full e-flex e-con e-child\" data-id=\"4e3ce39c\" data-element_type=\"container\" data-e-type=\"container\">\n\t\t\t\t<div class=\"elementor-element elementor-element-608e1c66 elementor-widget elementor-widget-image\" data-id=\"608e1c66\" data-element_type=\"widget\" data-e-type=\"widget\" data-widget_type=\"image.default\">\n\t\t\t\t<div class=\"elementor-widget-container\">\n\t\t\t\t\t\t\t\t\t\t\t\t<figure class=\"wp-caption\">\n\t\t\t\t\t\t\t\t\t\t\t<a href=\"https:\/\/www.kaerntencard.at\/winter\/\" target=\"_blank\" rel=\"noopener\">\n\t\t\t\t\t\t\t<img decoding=\"async\" width=\"1024\" height=\"364\" src=\"https:\/\/eulennest.gaeste-mappe.at\/wp-content\/uploads\/2024\/08\/card-winter-1024x364.jpg\" class=\"attachment-large size-large wp-image-12757\" alt=\"\" srcset=\"https:\/\/eulennest.gaeste-mappe.at\/wp-content\/uploads\/2024\/08\/card-winter-1024x364.jpg 1024w, https:\/\/eulennest.gaeste-mappe.at\/wp-content\/uploads\/2024\/08\/card-winter-300x107.jpg 300w, https:\/\/eulennest.gaeste-mappe.at\/wp-content\/uploads\/2024\/08\/card-winter-768x273.jpg 768w, https:\/\/eulennest.gaeste-mappe.at\/wp-content\/uploads\/2024\/08\/card-winter-18x6.jpg 18w, https:\/\/eulennest.gaeste-mappe.at\/wp-content\/uploads\/2024\/08\/card-winter.jpg 1200w\" sizes=\"(max-width: 1024px) 100vw, 1024px\" \/>\t\t\t\t\t\t\t\t<\/a>\n\t\t\t\t\t\t\t\t\t\t\t<figcaption class=\"widget-image-caption wp-caption-text\">CarinthiaCard Winter<\/figcaption>\n\t\t\t\t\t\t\t\t\t\t<\/figure>\n\t\t\t\t\t\t\t\t\t<\/div>\n\t\t\t\t<\/div>\n\t\t\t\t<\/div>\n\t\t\t\t\t<\/div>\n\t\t\t\t<\/div>\n\t\t\t\t<\/div>","protected":false},"excerpt":{"rendered":"<p>K\u00e4rnten Card Die Vorteile der K\u00e4rntenCard Kostenloser Eintritt zu \u00fcber 100 Freizeiteinrichtungen Die K\u00e4rntenCard ist ein unverzichtbarer Begleiter f\u00fcr alle, die das Bundesland K\u00e4rnten in vollen Z\u00fcgen genie\u00dfen m\u00f6chten. Sie bietet zahlreiche Vorteile und erm\u00f6glicht es, die Region kosteng\u00fcnstig zu erkunden. Mit der K\u00e4rntenCard erhalten Sie kostenlosen Eintritt zu mehr als 100 Freizeiteinrichtungen in verschiedenen [&hellip;]<\/p>\n","protected":false},"author":2,"featured_media":0,"parent":0,"menu_order":0,"comment_status":"closed","ping_status":"closed","template":"","meta":{"site-sidebar-layout":"no-sidebar","site-content-layout":"page-builder","ast-site-content-layout":"default","site-content-style":"default","site-sidebar-style":"default","ast-global-header-display":"","ast-banner-title-visibility":"","ast-main-header-display":"","ast-hfb-above-header-display":"","ast-hfb-below-header-display":"","ast-hfb-mobile-header-display":"","site-post-title":"disabled","ast-breadcrumbs-content":"","ast-featured-img":"disabled","footer-sml-layout":"","ast-disable-related-posts":"","theme-transparent-header-meta":"","adv-header-id-meta":"","stick-header-meta":"","header-above-stick-meta":"","header-main-stick-meta":"","header-below-stick-meta":"","astra-migrate-meta-layouts":"default","ast-page-background-enabled":"default","ast-page-background-meta":{"desktop":{"background-color":"var(--ast-global-color-4)","background-image":"","background-repeat":"repeat","background-position":"center center","background-size":"auto","background-attachment":"scroll","background-type":"","background-media":"","overlay-type":"","overlay-color":"","overlay-opacity":"","overlay-gradient":""},"tablet":{"background-color":"","background-image":"","background-repeat":"repeat","background-position":"center center","background-size":"auto","background-attachment":"scroll","background-type":"","background-media":"","overlay-type":"","overlay-color":"","overlay-opacity":"","overlay-gradient":""},"mobile":{"background-color":"","background-image":"","background-repeat":"repeat","background-position":"center center","background-size":"auto","background-attachment":"scroll","background-type":"","background-media":"","overlay-type":"","overlay-color":"","overlay-opacity":"","overlay-gradient":""}},"ast-content-background-meta":{"desktop":{"background-color":"var(--ast-global-color-5)","background-image":"","background-repeat":"repeat","background-position":"center center","background-size":"auto","background-attachment":"scroll","background-type":"","background-media":"","overlay-type":"","overlay-color":"","overlay-opacity":"","overlay-gradient":""},"tablet":{"background-color":"var(--ast-global-color-5)","background-image":"","background-repeat":"repeat","background-position":"center center","background-size":"auto","background-attachment":"scroll","background-type":"","background-media":"","overlay-type":"","overlay-color":"","overlay-opacity":"","overlay-gradient":""},"mobile":{"background-color":"var(--ast-global-color-5)","background-image":"","background-repeat":"repeat","background-position":"center center","background-size":"auto","background-attachment":"scroll","background-type":"","background-media":"","overlay-type":"","overlay-color":"","overlay-opacity":"","overlay-gradient":""}},"_glsr_average":0,"_glsr_ranking":0,"_glsr_reviews":0,"footnotes":""},"class_list":["post-6623","page","type-page","status-publish","hentry"],"_links":{"self":[{"href":"https:\/\/eulennest.gaeste-mappe.at\/en\/wp-json\/wp\/v2\/pages\/6623","targetHints":{"allow":["GET"]}}],"collection":[{"href":"https:\/\/eulennest.gaeste-mappe.at\/en\/wp-json\/wp\/v2\/pages"}],"about":[{"href":"https:\/\/eulennest.gaeste-mappe.at\/en\/wp-json\/wp\/v2\/types\/page"}],"author":[{"embeddable":true,"href":"https:\/\/eulennest.gaeste-mappe.at\/en\/wp-json\/wp\/v2\/users\/2"}],"replies":[{"embeddable":true,"href":"https:\/\/eulennest.gaeste-mappe.at\/en\/wp-json\/wp\/v2\/comments?post=6623"}],"version-history":[{"count":108,"href":"https:\/\/eulennest.gaeste-mappe.at\/en\/wp-json\/wp\/v2\/pages\/6623\/revisions"}],"predecessor-version":[{"id":12763,"href":"https:\/\/eulennest.gaeste-mappe.at\/en\/wp-json\/wp\/v2\/pages\/6623\/revisions\/12763"}],"wp:attachment":[{"href":"https:\/\/eulennest.gaeste-mappe.at\/en\/wp-json\/wp\/v2\/media?parent=6623"}],"curies":[{"name":"wp","href":"https:\/\/api.w.org\/{rel}","templated":true}]}}